{"id":139,"date":"2026-02-17T22:02:13","date_gmt":"2026-02-17T21:02:13","guid":{"rendered":"http:\/\/nobel-wash:8888\/contact-fr\/"},"modified":"2026-03-10T15:20:23","modified_gmt":"2026-03-10T14:20:23","slug":"contact-fr","status":"publish","type":"page","link":"https:\/\/nobel-wash.be\/fr\/contact-fr\/","title":{"rendered":"Contact"},"content":{"rendered":"\n<div class=\"wp-block-group alignfull is-layout-flow wp-block-group-is-layout-flow\" style=\"margin-top:0;margin-bottom:0;padding-top:0;padding-right:0;padding-bottom:0;padding-left:0\">\n<div class=\"om-map-full\" style=\"width:100%;height:450px;margin:0;padding:0;line-height:0;\">\n    <iframe src=\"https:\/\/www.openstreetmap.org\/export\/embed.html?bbox=4.4656%2C50.8838%2C4.4756%2C50.8938&#038;layer=mapnik&#038;marker=50.8888319%2C4.4706044\" style=\"width:100%;height:100%;border:0;display:block;\" loading=\"lazy\" title=\"Localisation Nobel Wash\"><\/iframe>\n<\/div>\n<\/div>\n\n\n\n<div class=\"wp-block-group alignfull has-primary-background-color has-background has-global-padding is-layout-constrained wp-container-core-group-is-layout-8657f4d6 wp-block-group-is-layout-constrained\" style=\"margin-top:0;margin-bottom:0;padding-top:var(--wp--preset--spacing--60);padding-right:var(--wp--preset--spacing--40);padding-bottom:var(--wp--preset--spacing--60);padding-left:var(--wp--preset--spacing--40)\">\n<h1 class=\"wp-block-heading has-text-align-center has-white-color has-text-color has-display-font-size has-heading-font-family\">Contact \u2014 Blanchisserie Zaventem<\/h1>\n\n\n\n<p class=\"has-text-align-center has-white-color has-text-color has-lead-font-size\">Vous avez une question sur notre blanchisserie Zaventem ou souhaitez un devis pour le pressing, le nettoyage \u00e0 sec ou l&rsquo;entretien ? N&rsquo;h\u00e9sitez pas \u00e0 nous contacter \u2014 nous sommes \u00e0 votre service.<\/p>\n<\/div>\n\n\n\n<div class=\"wp-block-group alignwide has-global-padding is-layout-constrained wp-block-group-is-layout-constrained\" style=\"padding-top:var(--wp--preset--spacing--70);padding-bottom:var(--wp--preset--spacing--40)\">\n<div class=\"wp-block-columns alignwide is-layout-flex wp-container-core-columns-is-layout-14cf5ab5 wp-block-columns-is-layout-flex\">\n<div class=\"wp-block-column is-layout-flow wp-block-column-is-layout-flow\" style=\"flex-basis:55%\">\n<h2 class=\"wp-block-heading has-xx-large-font-size has-heading-font-family\">Contactez votre blanchisserie Zaventem<\/h2>\n\n\n\n<p class=\"has-lead-font-size\">Vous souhaitez contacter Nobel Wash ? Plusieurs options s&rsquo;offrent \u00e0 vous. Remplissez le formulaire de contact ci-dessous pour un devis ou une question, appelez-nous directement ou envoyez-nous un e-mail. Notre \u00e9quipe est \u00e0 votre disposition tous les jours \u2014 du matin t\u00f4t jusqu&rsquo;au soir tard. En tant que blanchisserie \u00e0 Zaventem, nous sommes fiers de notre service personnalis\u00e9 et de notre rapidit\u00e9 de r\u00e9ponse. Nous r\u00e9pondons \u00e0 chaque question dans les 24 heures.<\/p>\n\n\n\n<p>Que vous soyez un particulier souhaitant faire laver votre linge \u00e0 domicile, ou que vous cherchiez une blanchisserie fiable \u00e0 Zaventem pour votre entreprise ou \u00e9tablissement horeca : nous r\u00e9fl\u00e9chissons volontiers avec vous. Contactez-nous sans engagement pour plus d&rsquo;informations sur nos services de pressing, nettoyage \u00e0 sec ou entretien. Nous vous r\u00e9pondons dans les 24 heures.<\/p>\n\n\n\n<p>Nobel Wash est situ\u00e9 au Vilvoordelaan 59 \u00e0 Zaventem, \u00e0 proximit\u00e9 de l&rsquo;a\u00e9roport de Bruxelles. Nous servons des clients dans tout Zaventem, Bruxelles et les environs. Pour les entreprises, nous \u00e9tablissons volontiers un devis sur mesure. Pour les particuliers, vous pouvez commander directement en ligne ou planifier votre collecte par t\u00e9l\u00e9phone. Nous collectons votre linge et vous restituons le tout lav\u00e9, repass\u00e9 et pli\u00e9 dans les 48 heures.<\/p>\n<\/div>\n\n\n\n<div class=\"wp-block-column is-layout-flow wp-block-column-is-layout-flow\" style=\"flex-basis:45%\">\n<div class=\"wp-block-group has-light-background-color has-background has-global-padding is-layout-constrained wp-container-core-group-is-layout-52009084 wp-block-group-is-layout-constrained\" style=\"border-radius:12px;padding-top:var(--wp--preset--spacing--40);padding-right:var(--wp--preset--spacing--40);padding-bottom:var(--wp--preset--spacing--40);padding-left:var(--wp--preset--spacing--40)\">\n<h3 class=\"wp-block-heading has-large-font-size has-heading-font-family\">Coordonn\u00e9es<\/h3>\n\n\n\n<p><strong>Nobel Wash<\/strong><br>Vilvoordelaan 59<br>1930 Zaventem<br>Brabant flamand<\/p>\n\n\n\n<p><strong>Gsm :<\/strong> <a href=\"tel:+32475752512\">0475 75 25 12<\/a><br><strong>E-mail :<\/strong> <a href=\"mailto:nobelpool@online.be\">nobelpool@online.be<\/a><\/p>\n\n\n\n<p><strong>Heures d&rsquo;ouverture :<\/strong><br>Tous les jours : 07h00 \u2013 21h00<\/p>\n\n\n\n<p class=\"has-medium-color has-text-color has-small-font-size\">TVA BE 0736.810.317<\/p>\n<\/div>\n<\/div>\n<\/div>\n<\/div>\n\n\n\n<div class=\"wp-block-group alignwide has-global-padding is-layout-constrained wp-block-group-is-layout-constrained\" style=\"padding-top:var(--wp--preset--spacing--40);padding-bottom:var(--wp--preset--spacing--70)\">\n<h2 class=\"wp-block-heading has-text-align-center has-xx-large-font-size has-heading-font-family\">Envoyez-nous un message<\/h2>\n\n\n\n<p class=\"has-text-align-center has-medium-color has-text-color\">Remplissez le formulaire ci-dessous et nous vous contacterons dans les plus brefs d\u00e9lais. Ou appelez-nous directement au <a href=\"tel:+32475752512\">0475 75 25 12<\/a> \u2014 joignable tous les jours de 7h \u00e0 21h.<\/p>\n\n\n\n<form class=\"om-form\" id=\"om-form-contact\" data-form=\"contact\" novalidate><input type=\"hidden\" name=\"action\" value=\"om_submit_form\"><input type=\"hidden\" name=\"form_id\" value=\"contact\"><input type=\"hidden\" name=\"_nonce\" value=\"7038b26483\"><div class=\"om-form__fields\"><div class=\"om-form__field om-form__field--half\"><label for=\"om-contact-firstname\">Voornaam <span class=\"om-form__required\" aria-hidden=\"true\">*<\/span><\/label><input type=\"text\" id=\"om-contact-firstname\" name=\"firstname\" maxlength=\"50\" required><span class=\"om-form__error\" role=\"alert\"><\/span><\/div><div class=\"om-form__field om-form__field--half\"><label for=\"om-contact-name\">Naam <span class=\"om-form__required\" aria-hidden=\"true\">*<\/span><\/label><input type=\"text\" id=\"om-contact-name\" name=\"name\" maxlength=\"50\" required><span class=\"om-form__error\" role=\"alert\"><\/span><\/div><div class=\"om-form__field om-form__field--half\"><label for=\"om-contact-phone\">Telefoon<\/label><input type=\"tel\" id=\"om-contact-phone\" name=\"phone\"><span class=\"om-form__error\" role=\"alert\"><\/span><\/div><div class=\"om-form__field om-form__field--half\"><label for=\"om-contact-email\">E-mail <span class=\"om-form__required\" aria-hidden=\"true\">*<\/span><\/label><input type=\"email\" id=\"om-contact-email\" name=\"email\" maxlength=\"150\" required><span class=\"om-form__error\" role=\"alert\"><\/span><\/div><div class=\"om-form__field om-form__field--full\"><label for=\"om-contact-message\">Bericht<\/label><textarea id=\"om-contact-message\" name=\"message\" rows=\"5\"><\/textarea><span class=\"om-form__error\" role=\"alert\"><\/span><\/div><div class=\"om-form__field om-form__field--hp\" aria-hidden=\"true\" tabindex=\"-1\"><label for=\"om-contact-website\">Website<\/label><input type=\"text\" id=\"om-contact-website\" name=\"website\" autocomplete=\"off\" tabindex=\"-1\"><\/div><\/div><div class=\"om-form__turnstile cf-turnstile\" data-sitekey=\"0x4AAAAAACpDbRtGU9FeUSI4\" data-theme=\"light\"><\/div><div class=\"om-form__submit\"><button type=\"submit\" class=\"om-form__button wp-block-button__link has-white-color has-primary-background-color has-text-color has-background\"><span class=\"om-form__button-text\">Versturen<\/span><span class=\"om-form__button-loading\" aria-hidden=\"true\" hidden><svg width=\"20\" height=\"20\" viewBox=\"0 0 20 20\" fill=\"none\"><circle cx=\"10\" cy=\"10\" r=\"8\" stroke=\"currentColor\" stroke-width=\"2\" stroke-dasharray=\"40\" stroke-dashoffset=\"10\"><animateTransform attributeName=\"transform\" type=\"rotate\" from=\"0 10 10\" to=\"360 10 10\" dur=\"0.8s\" repeatCount=\"indefinite\"\/><\/circle><\/svg><\/span><\/button><\/div><div class=\"om-form__message\" role=\"status\" aria-live=\"polite\" hidden><\/div><\/form>\n<\/div>\n\n\n\n<div class=\"wp-block-group alignfull om-cta-last has-primary-background-color has-background has-global-padding is-layout-constrained wp-container-core-group-is-layout-b270ebfd wp-block-group-is-layout-constrained\" style=\"margin-top:0;margin-bottom:0;padding-top:var(--wp--preset--spacing--70);padding-right:var(--wp--preset--spacing--40);padding-bottom:var(--wp--preset--spacing--70);padding-left:var(--wp--preset--spacing--40)\">\n<h2 class=\"wp-block-heading has-text-align-center has-white-color has-text-color has-xx-large-font-size has-heading-font-family\">Vous souhaitez plus d&rsquo;informations ?<\/h2>\n\n\n\n<p class=\"has-text-align-center has-white-color has-text-color has-lead-font-size\">Contactez-nous au <a href=\"tel:+32475752512\" style=\"color:#FFFFFF;text-decoration:underline;\">+32 475 75 25 12<\/a> ou envoyez un e-mail \u00e0 <a href=\"mailto:nobelpool@online.be\" style=\"color:#FFFFFF;text-decoration:underline;\">nobelpool@online.be<\/a><\/p>\n\n\n\n<div class=\"wp-block-buttons is-content-justification-center is-layout-flex wp-container-core-buttons-is-layout-d8c0be80 wp-block-buttons-is-layout-flex\" style=\"margin-top:var(--wp--preset--spacing--40)\">\n<div class=\"wp-block-button\"><a class=\"wp-block-button__link has-primary-color has-white-background-color has-text-color has-background wp-element-button\" style=\"border-radius:8px\" href=\"tel:+32475752512\">Appelez-nous<\/a><\/div>\n\n\n\n<div class=\"wp-block-button is-style-outline is-style-outline--1\"><a class=\"wp-block-button__link has-white-color has-text-color wp-element-button\" style=\"border-color:#FFFFFF;border-width:2px;border-radius:8px\" href=\"mailto:nobelpool@online.be\">Envoyez un e-mail<\/a><\/div>\n<\/div>\n<\/div>\n","protected":false},"excerpt":{"rendered":"<p>Contact \u2014 Blanchisserie Zaventem Vous avez une question sur notre blanchisserie Zaventem ou souhaitez un devis pour le pressing, le nettoyage \u00e0 sec ou l&rsquo;entretien ? N&rsquo;h\u00e9sitez pas \u00e0 nous contacter \u2014 nous sommes \u00e0 votre service. Contactez votre blanchisserie Zaventem Vous souhaitez contacter Nobel Wash ? Plusieurs options s&rsquo;offrent \u00e0 vous. Remplissez le formulaire [&hellip;]<\/p>\n","protected":false},"author":1,"featured_media":0,"parent":0,"menu_order":30,"comment_status":"closed","ping_status":"closed","template":"","meta":{"footnotes":""},"class_list":["post-139","page","type-page","status-publish","hentry"],"_links":{"self":[{"href":"https:\/\/nobel-wash.be\/fr\/wp-json\/wp\/v2\/pages\/139","targetHints":{"allow":["GET"]}}],"collection":[{"href":"https:\/\/nobel-wash.be\/fr\/wp-json\/wp\/v2\/pages"}],"about":[{"href":"https:\/\/nobel-wash.be\/fr\/wp-json\/wp\/v2\/types\/page"}],"author":[{"embeddable":true,"href":"https:\/\/nobel-wash.be\/fr\/wp-json\/wp\/v2\/users\/1"}],"replies":[{"embeddable":true,"href":"https:\/\/nobel-wash.be\/fr\/wp-json\/wp\/v2\/comments?post=139"}],"version-history":[{"count":2,"href":"https:\/\/nobel-wash.be\/fr\/wp-json\/wp\/v2\/pages\/139\/revisions"}],"predecessor-version":[{"id":239,"href":"https:\/\/nobel-wash.be\/fr\/wp-json\/wp\/v2\/pages\/139\/revisions\/239"}],"wp:attachment":[{"href":"https:\/\/nobel-wash.be\/fr\/wp-json\/wp\/v2\/media?parent=139"}],"curies":[{"name":"wp","href":"https:\/\/api.w.org\/{rel}","templated":true}]}}