{"id":138,"date":"2026-02-17T22:02:12","date_gmt":"2026-02-17T21:02:12","guid":{"rendered":"http:\/\/nobel-wash:8888\/commander-en-ligne\/"},"modified":"2026-03-10T15:19:48","modified_gmt":"2026-03-10T14:19:48","slug":"commander-en-ligne","status":"publish","type":"page","link":"https:\/\/nobel-wash.be\/fr\/commander-en-ligne\/","title":{"rendered":"Commander en ligne"},"content":{"rendered":"\n\n<div class=\"wp-block-cover alignfull is-dark\" style=\"padding-top:var(--wp--preset--spacing--80);padding-right:var(--wp--preset--spacing--40);padding-bottom:var(--wp--preset--spacing--80);padding-left:var(--wp--preset--spacing--40);min-height:600px;aspect-ratio:unset;\"><span aria-hidden=\"true\" class=\"wp-block-cover__background has-dark-background-color has-background-dim-50 has-background-dim\"><\/span><img loading=\"lazy\" decoding=\"async\" width=\"1920\" height=\"1080\" class=\"wp-block-cover__image-background wp-image-97\" alt=\"Pressing en ligne chez Nobel Wash \u00e0 Zaventem\" src=\"https:\/\/nobel-wash.be\/wp-content\/uploads\/2026\/03\/nobelwash-zaventem-online-bestellen-hero-01-1920x1080-1.jpg\" data-object-fit=\"cover\" srcset=\"https:\/\/nobel-wash.be\/wp-content\/uploads\/2026\/03\/nobelwash-zaventem-online-bestellen-hero-01-1920x1080-1.jpg 1920w, https:\/\/nobel-wash.be\/wp-content\/uploads\/2026\/03\/nobelwash-zaventem-online-bestellen-hero-01-1920x1080-1-300x169.jpg 300w, https:\/\/nobel-wash.be\/wp-content\/uploads\/2026\/03\/nobelwash-zaventem-online-bestellen-hero-01-1920x1080-1-1024x576.jpg 1024w, https:\/\/nobel-wash.be\/wp-content\/uploads\/2026\/03\/nobelwash-zaventem-online-bestellen-hero-01-1920x1080-1-768x432.jpg 768w, https:\/\/nobel-wash.be\/wp-content\/uploads\/2026\/03\/nobelwash-zaventem-online-bestellen-hero-01-1920x1080-1-1536x864.jpg 1536w\" sizes=\"auto, (max-width: 1920px) 100vw, 1920px\" \/><div class=\"wp-block-cover__inner-container is-layout-flow wp-block-cover-is-layout-flow\">\n<div class=\"wp-block-group has-global-padding is-layout-constrained wp-container-core-group-is-layout-92ef7b19 wp-block-group-is-layout-constrained\">\n<h1 class=\"wp-block-heading has-text-align-center has-white-color has-text-color has-display-font-size has-heading-font-family\">Commander votre pressing en ligne chez Nobel Wash \u2014 rapide et simple<\/h1>\n\n\n\n<p class=\"has-text-align-center has-white-color has-text-color has-lead-font-size\">Pressing en ligne : votre linge r\u00e9gl\u00e9 en 3 \u00e9tapes \u2014 commandez, nous faisons le reste.<\/p>\n<\/div>\n<\/div><\/div>\n\n\n\n<div class=\"wp-block-group alignwide has-global-padding is-layout-constrained wp-block-group-is-layout-constrained\" style=\"padding-top:var(--wp--preset--spacing--70);padding-bottom:var(--wp--preset--spacing--70)\">\n<h6 class=\"wp-block-heading has-primary-color has-text-color has-small-font-size\" style=\"letter-spacing:0.1em;text-transform:uppercase\">COMMANDER EN LIGNE<\/h6>\n\n\n\n<h2 class=\"wp-block-heading has-xx-large-font-size has-heading-font-family\">Commander votre pressing en ligne chez Nobel Wash \u2014 rapide et simple<\/h2>\n\n\n\n<p class=\"has-lead-font-size\">Commander votre pressing \u00e0 Zaventem n&rsquo;a jamais \u00e9t\u00e9 aussi facile. Via le site web de Nobel Wash, vous indiquez en quelques clics quand nous pouvons venir chercher votre linge sale et ce que vous souhaitez exactement. Notre \u00e9quipe s&rsquo;en occupe imm\u00e9diatement et vous restitue le tout <strong>dans les 48 heures<\/strong>, lav\u00e9, repass\u00e9 et soigneusement pli\u00e9.<\/p>\n<\/div>\n\n\n\n<div class=\"wp-block-group alignfull has-light-background-color has-background has-global-padding is-layout-constrained wp-container-core-group-is-layout-94e519ba wp-block-group-is-layout-constrained\" style=\"padding-top:var(--wp--preset--spacing--80);padding-right:var(--wp--preset--spacing--40);padding-bottom:var(--wp--preset--spacing--80);padding-left:var(--wp--preset--spacing--40)\">\n<h6 class=\"wp-block-heading has-text-align-center has-primary-color has-text-color has-small-font-size\" style=\"letter-spacing:0.1em;text-transform:uppercase\">COMMENT \u00c7A MARCHE ?<\/h6>\n\n\n\n<h2 class=\"wp-block-heading has-text-align-center has-xx-large-font-size has-heading-font-family\">En 3 \u00e9tapes simples<\/h2>\n\n\n\n<div class=\"wp-block-columns alignwide is-layout-flex wp-container-core-columns-is-layout-cbe57604 wp-block-columns-is-layout-flex\">\n<div class=\"wp-block-column is-layout-flow wp-block-column-is-layout-flow\">\n<div class=\"wp-block-group has-white-background-color has-background has-global-padding is-layout-constrained wp-container-core-group-is-layout-c7e4baee wp-block-group-is-layout-constrained\" style=\"border-radius:12px;padding-top:0;padding-right:var(--wp--preset--spacing--50);padding-bottom:var(--wp--preset--spacing--50);padding-left:var(--wp--preset--spacing--50);box-shadow:var(--wp--preset--shadow--md)\">\n<figure class=\"wp-block-image size-medium has-custom-border\"><img decoding=\"async\" src=\"https:\/\/nobel-wash.be\/wp-content\/uploads\/2026\/03\/nobelwash-zaventem-online-bestellen-card-01-web.jpg\" alt=\"Commander du linge via smartphone chez Nobel Wash\" class=\"wp-image-101\" style=\"border-top-left-radius:12px;border-top-right-radius:12px;border-bottom-left-radius:0px;border-bottom-right-radius:0px\"\/><\/figure>\n\n\n\n<h3 class=\"wp-block-heading has-primary-color has-text-color has-large-font-size has-heading-font-family\">\u00c9tape 1 \u2014 Indiquez vos souhaits<\/h3>\n\n\n\n<p>Indiquez si vous commandez en tant que particulier ou entreprise. Choisissez ce que vous souhaitez : lavage et pliage, ou \u00e9galement repassage et pressing. Pr\u00e9cisez quand nous pouvons passer chez vous pour la collecte.<\/p>\n<\/div>\n<\/div>\n\n\n\n<div class=\"wp-block-column is-layout-flow wp-block-column-is-layout-flow\">\n<div class=\"wp-block-group has-white-background-color has-background has-global-padding is-layout-constrained wp-container-core-group-is-layout-c7e4baee wp-block-group-is-layout-constrained\" style=\"border-radius:12px;padding-top:0;padding-right:var(--wp--preset--spacing--50);padding-bottom:var(--wp--preset--spacing--50);padding-left:var(--wp--preset--spacing--50);box-shadow:var(--wp--preset--shadow--md)\">\n<figure class=\"wp-block-image size-medium has-custom-border\"><img decoding=\"async\" src=\"https:\/\/nobel-wash.be\/wp-content\/uploads\/2026\/03\/nobelwash-zaventem-online-bestellen-card-02-web.jpg\" alt=\"Nobel Wash collecte votre linge\" class=\"wp-image-102\" style=\"border-top-left-radius:12px;border-top-right-radius:12px;border-bottom-left-radius:0px;border-bottom-right-radius:0px\"\/><\/figure>\n\n\n\n<h3 class=\"wp-block-heading has-primary-color has-text-color has-large-font-size has-heading-font-family\">\u00c9tape 2 \u2014 Nous collectons<\/h3>\n\n\n\n<p>Au cr\u00e9neau horaire de votre choix, un collaborateur de Nobel Wash vient chercher votre linge sale. Rapide, ponctuel et aimable.<\/p>\n<\/div>\n<\/div>\n\n\n\n<div class=\"wp-block-column is-layout-flow wp-block-column-is-layout-flow\">\n<div class=\"wp-block-group has-white-background-color has-background has-global-padding is-layout-constrained wp-container-core-group-is-layout-c7e4baee wp-block-group-is-layout-constrained\" style=\"border-radius:12px;padding-top:0;padding-right:var(--wp--preset--spacing--50);padding-bottom:var(--wp--preset--spacing--50);padding-left:var(--wp--preset--spacing--50);box-shadow:var(--wp--preset--shadow--md)\">\n<figure class=\"wp-block-image size-medium has-custom-border\"><img decoding=\"async\" src=\"https:\/\/nobel-wash.be\/wp-content\/uploads\/2026\/03\/nobelwash-zaventem-online-bestellen-card-03-web.jpg\" alt=\"V\u00eatements lav\u00e9s soigneusement pli\u00e9s et livr\u00e9s\" class=\"wp-image-103\" style=\"border-top-left-radius:12px;border-top-right-radius:12px;border-bottom-left-radius:0px;border-bottom-right-radius:0px\"\/><\/figure>\n\n\n\n<h3 class=\"wp-block-heading has-primary-color has-text-color has-large-font-size has-heading-font-family\">\u00c9tape 3 \u2014 Livraison en 48 heures<\/h3>\n\n\n\n<p>Apr\u00e8s le nettoyage, nous vous restituons le tout soigneusement lav\u00e9, repass\u00e9 et pli\u00e9 \u00e0 votre porte. Pr\u00eat \u00e0 \u00eatre rang\u00e9 directement dans l&rsquo;armoire.<\/p>\n<\/div>\n<\/div>\n<\/div>\n<\/div>\n\n\n\n<div class=\"wp-block-group alignwide has-global-padding is-layout-constrained wp-block-group-is-layout-constrained\" style=\"padding-top:var(--wp--preset--spacing--70);padding-bottom:var(--wp--preset--spacing--70)\">\n<h2 class=\"wp-block-heading has-text-align-center has-xx-large-font-size has-heading-font-family\">Commander votre pressing en ligne \u00e0 Zaventem<\/h2>\n\n\n\n<p class=\"has-text-align-center has-medium-font-size\">Remplissez le formulaire ci-dessous et nous vous contacterons.<\/p>\n\n\n\n<form class=\"om-form\" id=\"om-form-bestelling\" data-form=\"bestelling\" novalidate><input type=\"hidden\" name=\"action\" value=\"om_submit_form\"><input type=\"hidden\" name=\"form_id\" value=\"bestelling\"><input type=\"hidden\" name=\"_nonce\" value=\"05027a2c82\"><div class=\"om-form__fields\"><div class=\"om-form__field om-form__field--full om-form__section-heading\"><h3 class=\"om-form__section-title\">MAAK EEN AFSPRAAK<\/h3><\/div><div class=\"om-form__field om-form__field--half\"><fieldset><legend>Waar kan uw was worden opgehaald? <span class=\"om-form__required\" aria-hidden=\"true\">*<\/span><\/legend><div class=\"om-form__options\"><label class=\"om-form__option\" for=\"om-bestelling-pickup_location-0\"><input type=\"checkbox\" id=\"om-bestelling-pickup_location-0\" name=\"pickup_location[]\" value=\"Thuis\"> Thuis<\/label><label class=\"om-form__option\" for=\"om-bestelling-pickup_location-1\"><input type=\"checkbox\" id=\"om-bestelling-pickup_location-1\" name=\"pickup_location[]\" value=\"Bedrijf\"> Bedrijf<\/label><\/div><\/fieldset><span class=\"om-form__error\" role=\"alert\"><\/span><\/div><div class=\"om-form__field om-form__field--half\"><fieldset><legend>Welke service heeft u nodig? <span class=\"om-form__required\" aria-hidden=\"true\">*<\/span><\/legend><div class=\"om-form__options\"><label class=\"om-form__option\" for=\"om-bestelling-services-0\"><input type=\"checkbox\" id=\"om-bestelling-services-0\" name=\"services[]\" value=\"Wassen &amp; vouwen\"> Wassen &amp; vouwen<\/label><label class=\"om-form__option\" for=\"om-bestelling-services-1\"><input type=\"checkbox\" id=\"om-bestelling-services-1\" name=\"services[]\" value=\"Strijken\"> Strijken<\/label><label class=\"om-form__option\" for=\"om-bestelling-services-2\"><input type=\"checkbox\" id=\"om-bestelling-services-2\" name=\"services[]\" value=\"Stomen\"> Stomen<\/label><label class=\"om-form__option\" for=\"om-bestelling-services-3\"><input type=\"checkbox\" id=\"om-bestelling-services-3\" name=\"services[]\" value=\"Repareren\"> Repareren<\/label><\/div><\/fieldset><span class=\"om-form__error\" role=\"alert\"><\/span><\/div><div class=\"om-form__field om-form__field--full om-form__section-heading\"><h3 class=\"om-form__section-title\">WANNEER EN HOE LAAT KAN UW BESTELLING WORDEN OPGEHAALD EN BEZORGD?<\/h3><\/div><div class=\"om-form__field om-form__field--half\"><label for=\"om-bestelling-pickup_date\">Ophalen - datum <span class=\"om-form__required\" aria-hidden=\"true\">*<\/span><\/label><input type=\"date\" id=\"om-bestelling-pickup_date\" name=\"pickup_date\" required><span class=\"om-form__error\" role=\"alert\"><\/span><\/div><div class=\"om-form__field om-form__field--half\"><label for=\"om-bestelling-pickup_time\">Ophalen - tijdstip <span class=\"om-form__required\" aria-hidden=\"true\">*<\/span><\/label><select id=\"om-bestelling-pickup_time\" name=\"pickup_time\" required><option value=\"\">\u2014 Kies een optie \u2014<\/option><option value=\"Ochtend 06.00 - 07.00\">Ochtend 06.00 - 07.00<\/option><option value=\"Ochtend 07.00 - 08.00\">Ochtend 07.00 - 08.00<\/option><option value=\"Ochtend 08.00 - 09.00\">Ochtend 08.00 - 09.00<\/option><option value=\"Ochtend 09.00 - 10.00\">Ochtend 09.00 - 10.00<\/option><option value=\"Voormiddag 10.00 - 11.00\">Voormiddag 10.00 - 11.00<\/option><option value=\"Voormiddag 11.00 - 12.00\">Voormiddag 11.00 - 12.00<\/option><option value=\"Namiddag 12.00 - 13.00\">Namiddag 12.00 - 13.00<\/option><option value=\"Namiddag 13.00 - 14.00\">Namiddag 13.00 - 14.00<\/option><option value=\"Namiddag 14.00 - 15.00\">Namiddag 14.00 - 15.00<\/option><option value=\"Namiddag 15.00 - 16.00\">Namiddag 15.00 - 16.00<\/option><option value=\"Namiddag 16.00 - 17.00\">Namiddag 16.00 - 17.00<\/option><option value=\"Avond 17.00 - 18.00\">Avond 17.00 - 18.00<\/option><option value=\"Avond 18.00 - 19.00\">Avond 18.00 - 19.00<\/option><option value=\"Avond 19.00 - 20.00\">Avond 19.00 - 20.00<\/option><option value=\"Avond 20.00 - 21.00\">Avond 20.00 - 21.00<\/option><\/select><span class=\"om-form__error\" role=\"alert\"><\/span><\/div><div class=\"om-form__field om-form__field--half\"><label for=\"om-bestelling-delivery_date\">Bezorgen - datum<\/label><input type=\"date\" id=\"om-bestelling-delivery_date\" name=\"delivery_date\"><span class=\"om-form__error\" role=\"alert\"><\/span><\/div><div class=\"om-form__field om-form__field--half\"><label for=\"om-bestelling-delivery_time\">Bezorgen - tijdstip<\/label><select id=\"om-bestelling-delivery_time\" name=\"delivery_time\"><option value=\"\">\u2014 Kies een optie \u2014<\/option><option value=\"Ochtend 06.00 - 07.00\">Ochtend 06.00 - 07.00<\/option><option value=\"Ochtend 07.00 - 08.00\">Ochtend 07.00 - 08.00<\/option><option value=\"Ochtend 08.00 - 09.00\">Ochtend 08.00 - 09.00<\/option><option value=\"Ochtend 09.00 - 10.00\">Ochtend 09.00 - 10.00<\/option><option value=\"Voormiddag 10.00 - 11.00\">Voormiddag 10.00 - 11.00<\/option><option value=\"Voormiddag 11.00 - 12.00\">Voormiddag 11.00 - 12.00<\/option><option value=\"Namiddag 12.00 - 13.00\">Namiddag 12.00 - 13.00<\/option><option value=\"Namiddag 13.00 - 14.00\">Namiddag 13.00 - 14.00<\/option><option value=\"Namiddag 14.00 - 15.00\">Namiddag 14.00 - 15.00<\/option><option value=\"Namiddag 15.00 - 16.00\">Namiddag 15.00 - 16.00<\/option><option value=\"Namiddag 16.00 - 17.00\">Namiddag 16.00 - 17.00<\/option><option value=\"Avond 17.00 - 18.00\">Avond 17.00 - 18.00<\/option><option value=\"Avond 18.00 - 19.00\">Avond 18.00 - 19.00<\/option><option value=\"Avond 19.00 - 20.00\">Avond 19.00 - 20.00<\/option><option value=\"Avond 20.00 - 21.00\">Avond 20.00 - 21.00<\/option><\/select><span class=\"om-form__error\" role=\"alert\"><\/span><\/div><div class=\"om-form__field om-form__field--full\"><label for=\"om-bestelling-instructions\">Speciale instructies<\/label><textarea id=\"om-bestelling-instructions\" name=\"instructions\" rows=\"4\"><\/textarea><span class=\"om-form__error\" role=\"alert\"><\/span><\/div><div class=\"om-form__field om-form__field--full om-form__section-heading\"><h3 class=\"om-form__section-title\">PERSOONLIJKE GEGEVENS<\/h3><\/div><div class=\"om-form__field om-form__field--half\"><label for=\"om-bestelling-firstname\">Voornaam <span class=\"om-form__required\" aria-hidden=\"true\">*<\/span><\/label><input type=\"text\" id=\"om-bestelling-firstname\" name=\"firstname\" maxlength=\"50\" required><span class=\"om-form__error\" role=\"alert\"><\/span><\/div><div class=\"om-form__field om-form__field--half\"><label for=\"om-bestelling-name\">Naam <span class=\"om-form__required\" aria-hidden=\"true\">*<\/span><\/label><input type=\"text\" id=\"om-bestelling-name\" name=\"name\" maxlength=\"50\" required><span class=\"om-form__error\" role=\"alert\"><\/span><\/div><div class=\"om-form__field om-form__field--full\"><label for=\"om-bestelling-address\">Adres <span class=\"om-form__required\" aria-hidden=\"true\">*<\/span><\/label><input type=\"text\" id=\"om-bestelling-address\" name=\"address\" maxlength=\"200\" required><span class=\"om-form__error\" role=\"alert\"><\/span><\/div><div class=\"om-form__field om-form__field--half\"><label for=\"om-bestelling-postal_code\">Postcode <span class=\"om-form__required\" aria-hidden=\"true\">*<\/span><\/label><input type=\"text\" id=\"om-bestelling-postal_code\" name=\"postal_code\" maxlength=\"10\" required><span class=\"om-form__error\" role=\"alert\"><\/span><\/div><div class=\"om-form__field om-form__field--half\"><label for=\"om-bestelling-city\">Stad <span class=\"om-form__required\" aria-hidden=\"true\">*<\/span><\/label><input type=\"text\" id=\"om-bestelling-city\" name=\"city\" maxlength=\"100\" required><span class=\"om-form__error\" role=\"alert\"><\/span><\/div><div class=\"om-form__field om-form__field--half\"><label for=\"om-bestelling-phone\">Telefoon \/ GSM<\/label><input type=\"tel\" id=\"om-bestelling-phone\" name=\"phone\"><span class=\"om-form__error\" role=\"alert\"><\/span><\/div><div class=\"om-form__field om-form__field--half\"><label for=\"om-bestelling-email\">E-mailadres <span class=\"om-form__required\" aria-hidden=\"true\">*<\/span><\/label><input type=\"email\" id=\"om-bestelling-email\" name=\"email\" maxlength=\"150\" required><span class=\"om-form__error\" role=\"alert\"><\/span><\/div><div class=\"om-form__field om-form__field--full\"><label class=\"om-form__option om-form__option--single\" for=\"om-bestelling-privacy_consent\"><input type=\"checkbox\" id=\"om-bestelling-privacy_consent\" name=\"privacy_consent\" value=\"1\" required> Ik heb het privacybeleid gelezen en ga hiermee akkoord. <span class=\"om-form__required\" aria-hidden=\"true\">*<\/span><\/label><span class=\"om-form__error\" role=\"alert\"><\/span><\/div><div class=\"om-form__field om-form__field--hp\" aria-hidden=\"true\" tabindex=\"-1\"><label for=\"om-bestelling-website\">Website<\/label><input type=\"text\" id=\"om-bestelling-website\" name=\"website\" autocomplete=\"off\" tabindex=\"-1\"><\/div><\/div><div class=\"om-form__turnstile cf-turnstile\" data-sitekey=\"0x4AAAAAACpDbRtGU9FeUSI4\" data-theme=\"light\"><\/div><div class=\"om-form__submit\"><button type=\"submit\" class=\"om-form__button wp-block-button__link has-white-color has-primary-background-color has-text-color has-background\"><span class=\"om-form__button-text\">Versturen<\/span><span class=\"om-form__button-loading\" aria-hidden=\"true\" hidden><svg width=\"20\" height=\"20\" viewBox=\"0 0 20 20\" fill=\"none\"><circle cx=\"10\" cy=\"10\" r=\"8\" stroke=\"currentColor\" stroke-width=\"2\" stroke-dasharray=\"40\" stroke-dashoffset=\"10\"><animateTransform attributeName=\"transform\" type=\"rotate\" from=\"0 10 10\" to=\"360 10 10\" dur=\"0.8s\" repeatCount=\"indefinite\"\/><\/circle><\/svg><\/span><\/button><\/div><div class=\"om-form__message\" role=\"status\" aria-live=\"polite\" hidden><\/div><\/form>\n<\/div>\n\n\n\n<div class=\"wp-block-group alignwide has-global-padding is-layout-constrained wp-block-group-is-layout-constrained\" style=\"padding-top:var(--wp--preset--spacing--70);padding-bottom:var(--wp--preset--spacing--70)\">\n<div class=\"wp-block-columns alignwide is-layout-flex wp-container-core-columns-is-layout-14cf5ab5 wp-block-columns-is-layout-flex\">\n<div class=\"wp-block-column is-layout-flow wp-block-column-is-layout-flow\" style=\"flex-basis:55%\">\n<h2 class=\"wp-block-heading has-xx-large-font-size has-heading-font-family\">Particulier ou entreprise<\/h2>\n\n\n\n<p class=\"has-lead-font-size\">Que vous soyez \u00e0 la maison ou que vous dirigiez une entreprise \u2014 Nobel Wash travaille pour tout le monde. Lors de votre commande, indiquez si vous \u00eates un client particulier ou professionnel, afin que nous puissions appliquer la formule adapt\u00e9e.<\/p>\n\n\n\n<h2 class=\"wp-block-heading has-xx-large-font-size has-heading-font-family\" style=\"margin-top:var(--wp--preset--spacing--50)\">Des questions avant de commander ?<\/h2>\n\n\n\n<p class=\"has-lead-font-size\">Vous avez encore des questions avant de commander votre pressing \u00e0 Zaventem ? Remplissez le formulaire de contact ou appelez-nous au 0475 75 25 12. Notre \u00e9quipe se fera un plaisir de vous aider et vous apportera rapidement des \u00e9claircissements. Nobel Wash est joignable tous les jours de 7h \u00e0 21h \u2014 m\u00eame le week-end.<\/p>\n<\/div>\n\n\n\n<div class=\"wp-block-column is-layout-flow wp-block-column-is-layout-flow\" style=\"flex-basis:45%\">\n<figure class=\"wp-block-image size-large has-custom-border om-fade-up\"><img loading=\"lazy\" decoding=\"async\" width=\"1920\" height=\"1441\" src=\"https:\/\/nobel-wash.be\/wp-content\/uploads\/2026\/03\/nobelwash-zaventem-online-bestellen-inpage-01-web.jpg\" alt=\"Commander votre pressing \u00e0 Zaventem \u2014 Nobel Wash collecte et livre\" class=\"wp-image-98\" style=\"border-radius:8px\" srcset=\"https:\/\/nobel-wash.be\/wp-content\/uploads\/2026\/03\/nobelwash-zaventem-online-bestellen-inpage-01-web.jpg 1920w, https:\/\/nobel-wash.be\/wp-content\/uploads\/2026\/03\/nobelwash-zaventem-online-bestellen-inpage-01-web-300x225.jpg 300w, https:\/\/nobel-wash.be\/wp-content\/uploads\/2026\/03\/nobelwash-zaventem-online-bestellen-inpage-01-web-1024x769.jpg 1024w, https:\/\/nobel-wash.be\/wp-content\/uploads\/2026\/03\/nobelwash-zaventem-online-bestellen-inpage-01-web-768x576.jpg 768w, https:\/\/nobel-wash.be\/wp-content\/uploads\/2026\/03\/nobelwash-zaventem-online-bestellen-inpage-01-web-1536x1153.jpg 1536w\" sizes=\"auto, (max-width: 1920px) 100vw, 1920px\" \/><\/figure>\n<\/div>\n<\/div>\n<\/div>\n\n\n\n<div class=\"wp-block-group alignfull om-cta-last has-primary-background-color has-background has-global-padding is-layout-constrained wp-container-core-group-is-layout-1fd5867f wp-block-group-is-layout-constrained\" style=\"padding-top:var(--wp--preset--spacing--70);padding-right:var(--wp--preset--spacing--40);padding-bottom:var(--wp--preset--spacing--70);padding-left:var(--wp--preset--spacing--40)\">\n\n    \n    <h2 class=\"wp-block-heading has-text-align-center has-white-color has-text-color has-heading-font-family\">Vous souhaitez plus d&rsquo;informations ?<\/h2>\n    \n\n    \n    <p class=\"has-text-align-center has-white-color has-text-color has-lead-font-size\">Contactez-nous au <a href=\"tel:+32475752512\" style=\"color:#FFFFFF;text-decoration:underline;\">+32 475 75 25 12<\/a> ou envoyez un e-mail \u00e0 <a href=\"mailto:nobelpool@online.be\" style=\"color:#FFFFFF;text-decoration:underline;\">nobelpool@online.be<\/a><\/p>\n    \n\n    \n    <div class=\"wp-block-buttons is-content-justification-center is-layout-flex wp-container-core-buttons-is-layout-a89b3969 wp-block-buttons-is-layout-flex\">\n        \n        <div class=\"wp-block-button\"><a class=\"wp-block-button__link has-primary-color has-white-background-color has-text-color has-background\" style=\"border-radius:8px\" href=\"tel:+32475752512\">Appelez-nous<\/a><\/div>\n        \n\n        \n        <div class=\"wp-block-button is-style-outline is-style-outline--1\"><a class=\"wp-block-button__link has-white-color has-text-color\" style=\"border-color:#FFFFFF;border-width:2px;border-radius:8px\" href=\"mailto:nobelpool@online.be\">Envoyez un e-mail<\/a><\/div>\n        \n    <\/div>\n    \n\n<\/div>\n","protected":false},"excerpt":{"rendered":"<p>COMMANDER EN LIGNE Commander votre pressing en ligne chez Nobel Wash \u2014 rapide et simple Commander votre pressing \u00e0 Zaventem n&rsquo;a jamais \u00e9t\u00e9 aussi facile. Via le site web de Nobel Wash, vous indiquez en quelques clics quand nous pouvons venir chercher votre linge sale et ce que vous souhaitez exactement. Notre \u00e9quipe s&rsquo;en occupe [&hellip;]<\/p>\n","protected":false},"author":1,"featured_media":0,"parent":0,"menu_order":25,"comment_status":"closed","ping_status":"closed","template":"","meta":{"footnotes":""},"class_list":["post-138","page","type-page","status-publish","hentry"],"_links":{"self":[{"href":"https:\/\/nobel-wash.be\/fr\/wp-json\/wp\/v2\/pages\/138","targetHints":{"allow":["GET"]}}],"collection":[{"href":"https:\/\/nobel-wash.be\/fr\/wp-json\/wp\/v2\/pages"}],"about":[{"href":"https:\/\/nobel-wash.be\/fr\/wp-json\/wp\/v2\/types\/page"}],"author":[{"embeddable":true,"href":"https:\/\/nobel-wash.be\/fr\/wp-json\/wp\/v2\/users\/1"}],"replies":[{"embeddable":true,"href":"https:\/\/nobel-wash.be\/fr\/wp-json\/wp\/v2\/comments?post=138"}],"version-history":[{"count":2,"href":"https:\/\/nobel-wash.be\/fr\/wp-json\/wp\/v2\/pages\/138\/revisions"}],"predecessor-version":[{"id":238,"href":"https:\/\/nobel-wash.be\/fr\/wp-json\/wp\/v2\/pages\/138\/revisions\/238"}],"wp:attachment":[{"href":"https:\/\/nobel-wash.be\/fr\/wp-json\/wp\/v2\/media?parent=138"}],"curies":[{"name":"wp","href":"https:\/\/api.w.org\/{rel}","templated":true}]}}