{"id":137,"date":"2026-02-17T22:02:11","date_gmt":"2026-02-17T21:02:11","guid":{"rendered":"http:\/\/nobel-wash:8888\/nettoyage-bricolage\/"},"modified":"2026-03-10T15:20:04","modified_gmt":"2026-03-10T14:20:04","slug":"nettoyage-bricolage","status":"publish","type":"page","link":"https:\/\/nobel-wash.be\/fr\/nettoyage-bricolage\/","title":{"rendered":"Nettoyage &#038; Bricolage"},"content":{"rendered":"\n\n\n\n<div class=\"wp-block-cover alignfull is-dark\" style=\"padding-top:var(--wp--preset--spacing--80);padding-right:var(--wp--preset--spacing--40);padding-bottom:var(--wp--preset--spacing--80);padding-left:var(--wp--preset--spacing--40);min-height:600px;aspect-ratio:unset;\"><span aria-hidden=\"true\" class=\"wp-block-cover__background has-background-dim-35 has-background-dim\" style=\"background-color:#000000\"><\/span><img loading=\"lazy\" decoding=\"async\" width=\"1920\" height=\"1080\" class=\"wp-block-cover__image-background wp-image-54\" alt=\"Femme de m\u00e9nage professionnelle nettoyant le couloir d'un immeuble de bureaux moderne\" src=\"https:\/\/nobel-wash.be\/wp-content\/uploads\/2026\/02\/nobelwash-zaventem-poets-hero-01.webp\" data-object-fit=\"cover\" srcset=\"https:\/\/nobel-wash.be\/wp-content\/uploads\/2026\/02\/nobelwash-zaventem-poets-hero-01.webp 1920w, https:\/\/nobel-wash.be\/wp-content\/uploads\/2026\/02\/nobelwash-zaventem-poets-hero-01-300x169.webp 300w, https:\/\/nobel-wash.be\/wp-content\/uploads\/2026\/02\/nobelwash-zaventem-poets-hero-01-1024x576.webp 1024w, https:\/\/nobel-wash.be\/wp-content\/uploads\/2026\/02\/nobelwash-zaventem-poets-hero-01-768x432.webp 768w, https:\/\/nobel-wash.be\/wp-content\/uploads\/2026\/02\/nobelwash-zaventem-poets-hero-01-1536x864.webp 1536w\" sizes=\"auto, (max-width: 1920px) 100vw, 1920px\" \/><div class=\"wp-block-cover__inner-container is-layout-flow wp-block-cover-is-layout-flow\">\n<div class=\"wp-block-group has-global-padding is-layout-constrained wp-container-core-group-is-layout-92ef7b19 wp-block-group-is-layout-constrained\">\n\n\n<h2 class=\"wp-block-heading has-text-align-center has-white-color has-text-color has-heading-font-family has-display-font-size\">Nettoyage &amp; Bricolage<\/h2>\n\n\n\n<p class=\"has-text-align-center has-white-color has-text-color has-body-font-family has-large-font-size\">Du linge au lieu de travail \u2014 Nobel Wash garde tout impeccable.<\/p>\n\n\n\n<div class=\"wp-block-buttons is-content-justification-center is-layout-flex wp-container-core-buttons-is-layout-d8c0be80 wp-block-buttons-is-layout-flex\" style=\"margin-top:var(--wp--preset--spacing--40)\">\n<div class=\"wp-block-button\"><a class=\"wp-block-button__link has-primary-color has-white-background-color has-text-color has-background wp-element-button\" href=\"\/contact-fr\/\" style=\"border-radius:8px\">Demandez un devis<\/a><\/div>\n<\/div>\n\n\n<\/div>\n<\/div><\/div>\n\n\n\n<div class=\"wp-block-group alignfull om-fade-up has-global-padding is-layout-constrained wp-container-core-group-is-layout-c5787a18 wp-block-group-is-layout-constrained\" style=\"padding-top:var(--wp--preset--spacing--70);padding-right:var(--wp--preset--spacing--40);padding-bottom:var(--wp--preset--spacing--70);padding-left:var(--wp--preset--spacing--40)\">\n\n\n<div class=\"wp-block-columns are-vertically-aligned-center is-layout-flex wp-container-core-columns-is-layout-14cf5ab5 wp-block-columns-is-layout-flex\">\n\n\n<div class=\"wp-block-column is-vertically-aligned-center is-layout-flow wp-block-column-is-layout-flow\" style=\"flex-basis:55%\">\n\n\n<h1 class=\"wp-block-heading has-heading-font-family has-xx-large-font-size\">Service de nettoyage Zaventem et bricolage \u2014 Nobel Wash &amp; Nobel Facilities<\/h1>\n\n\n\n<p class=\"has-medium-color has-text-color has-lead-font-size\">Nobel Wash est bien plus qu&rsquo;une blanchisserie. Notre <strong>nettoyage Zaventem<\/strong> offre un service de nettoyage complet pour les clients professionnels. Et pour les travaux plus importants \u00e0 l&rsquo;int\u00e9rieur comme \u00e0 l&rsquo;ext\u00e9rieur \u2014 de la construction neuve \u00e0 l&rsquo;entretien de piscine \u2014 notre soci\u00e9t\u00e9 s\u0153ur <strong>Nobel Facilities<\/strong> est \u00e0 votre disposition.<\/p>\n\n\n\n<div class=\"wp-block-buttons is-layout-flex wp-block-buttons-is-layout-flex\" style=\"margin-top:var(--wp--preset--spacing--30)\">\n<div class=\"wp-block-button\"><a class=\"wp-block-button__link has-white-color has-primary-background-color has-text-color has-background wp-element-button\" href=\"\/contact-fr\/\" style=\"border-radius:8px\">Demandez un devis<\/a><\/div>\n<\/div>\n\n\n<\/div>\n\n\n\n<div class=\"wp-block-column is-vertically-aligned-center is-layout-flow wp-block-column-is-layout-flow\" style=\"flex-basis:45%\">\n\n\n<figure class=\"wp-block-image size-large has-custom-border\"><img loading=\"lazy\" decoding=\"async\" width=\"1280\" height=\"896\" src=\"https:\/\/nobel-wash.be\/wp-content\/uploads\/2026\/02\/nobelwash-zaventem-poets-inpage-01.webp\" alt=\"Service de nettoyage Zaventem \u2014 femme de m\u00e9nage nettoie un bureau pour Nobel Wash\" class=\"wp-image-55\" style=\"border-radius:12px\" srcset=\"https:\/\/nobel-wash.be\/wp-content\/uploads\/2026\/02\/nobelwash-zaventem-poets-inpage-01.webp 1280w, https:\/\/nobel-wash.be\/wp-content\/uploads\/2026\/02\/nobelwash-zaventem-poets-inpage-01-300x210.webp 300w, https:\/\/nobel-wash.be\/wp-content\/uploads\/2026\/02\/nobelwash-zaventem-poets-inpage-01-1024x717.webp 1024w, https:\/\/nobel-wash.be\/wp-content\/uploads\/2026\/02\/nobelwash-zaventem-poets-inpage-01-768x538.webp 768w\" sizes=\"auto, (max-width: 1280px) 100vw, 1280px\" \/><\/figure>\n\n\n<\/div>\n\n\n<\/div>\n\n\n<\/div>\n\n\n\n<div class=\"wp-block-group alignfull has-global-padding is-layout-constrained wp-container-core-group-is-layout-4922ebf8 wp-block-group-is-layout-constrained\" style=\"padding-top:var(--wp--preset--spacing--60);padding-right:var(--wp--preset--spacing--40);padding-bottom:0;padding-left:var(--wp--preset--spacing--40)\">\n\n\n<h2 class=\"wp-block-heading has-heading-font-family has-x-large-font-size\">Nettoyage Zaventem pour entreprises et lieux de travail<\/h2>\n\n\n\n<p class=\"has-medium-color has-text-color\">Un environnement de travail propre et soign\u00e9 a un impact direct sur la productivit\u00e9 et le bien-\u00eatre de vos collaborateurs. Notre service de nettoyage \u00e0 Zaventem assure un nettoyage approfondi et r\u00e9gulier de votre bureau, espace commercial ou tout autre environnement professionnel. Ponctuel, discret et avec le souci du d\u00e9tail.<\/p>\n\n\n\n<h2 class=\"wp-block-heading has-heading-font-family has-x-large-font-size\">Travaux de bricolage avec Nobel Facilities<\/h2>\n\n\n\n<p class=\"has-medium-color has-text-color\">Vous avez encore des travaux en suspens apr\u00e8s une r\u00e9novation, ou des r\u00e9parations sont n\u00e9cessaires dans et autour de votre habitation ? Nobel Facilities dispose d&rsquo;artisans exp\u00e9riment\u00e9s qui se mettent rapidement et professionnellement au travail. Des petites r\u00e9parations aux travaux plus importants \u2014 vous \u00eates \u00e0 la bonne adresse chez nous.<\/p>\n\n\n<\/div>\n\n\n\n<div class=\"wp-block-group alignfull om-fade-up has-global-padding is-layout-constrained wp-container-core-group-is-layout-0673b9e5 wp-block-group-is-layout-constrained\" style=\"padding-top:var(--wp--preset--spacing--60);padding-right:var(--wp--preset--spacing--40);padding-bottom:var(--wp--preset--spacing--60);padding-left:var(--wp--preset--spacing--40)\">\n\n\n<div class=\"wp-block-columns are-vertically-aligned-center is-layout-flex wp-container-core-columns-is-layout-14cf5ab5 wp-block-columns-is-layout-flex\">\n\n\n<div class=\"wp-block-column is-vertically-aligned-center is-layout-flow wp-block-column-is-layout-flow\" style=\"flex-basis:45%\">\n\n\n<figure class=\"wp-block-image size-large has-custom-border\"><img loading=\"lazy\" decoding=\"async\" width=\"1280\" height=\"896\" src=\"https:\/\/nobel-wash.be\/wp-content\/uploads\/2026\/02\/nobelwash-zaventem-poets-inpage-02.webp\" alt=\"Belle piscine ext\u00e9rieure dans un jardin priv\u00e9 entretenu par une journ\u00e9e ensoleill\u00e9e\" class=\"wp-image-56\" style=\"border-radius:12px\" srcset=\"https:\/\/nobel-wash.be\/wp-content\/uploads\/2026\/02\/nobelwash-zaventem-poets-inpage-02.webp 1280w, https:\/\/nobel-wash.be\/wp-content\/uploads\/2026\/02\/nobelwash-zaventem-poets-inpage-02-300x210.webp 300w, https:\/\/nobel-wash.be\/wp-content\/uploads\/2026\/02\/nobelwash-zaventem-poets-inpage-02-1024x717.webp 1024w, https:\/\/nobel-wash.be\/wp-content\/uploads\/2026\/02\/nobelwash-zaventem-poets-inpage-02-768x538.webp 768w\" sizes=\"auto, (max-width: 1280px) 100vw, 1280px\" \/><\/figure>\n\n\n<\/div>\n\n\n\n<div class=\"wp-block-column is-vertically-aligned-center is-layout-flow wp-block-column-is-layout-flow\" style=\"flex-basis:55%\">\n\n\n<h2 class=\"wp-block-heading has-heading-font-family has-x-large-font-size\">Nettoyage et entretien de piscine<\/h2>\n\n\n\n<p class=\"has-medium-color has-text-color\">Pour une piscine propre avec une eau limpide, comptez sur Nobel Wash. Nous nettoyons votre piscine avant la saison et assurons l&rsquo;entretien tout au long de l&rsquo;ann\u00e9e. Profitez ainsi de votre jardin et de votre piscine en toute s\u00e9r\u00e9nit\u00e9, sans tracas.<\/p>\n\n\n<\/div>\n\n\n<\/div>\n\n\n<\/div>\n\n\n\n<div class=\"wp-block-group alignfull has-global-padding is-layout-constrained wp-container-core-group-is-layout-5e17502d wp-block-group-is-layout-constrained\" style=\"padding-top:0;padding-right:var(--wp--preset--spacing--40);padding-bottom:var(--wp--preset--spacing--70);padding-left:var(--wp--preset--spacing--40)\">\n\n\n<h2 class=\"wp-block-heading has-heading-font-family has-x-large-font-size\">Entretien de jardin<\/h2>\n\n\n\n<p class=\"has-medium-color has-text-color\">Vous pouvez \u00e9galement faire appel \u00e0 nous pour l&rsquo;entretien de votre jardin. Tonte r\u00e9guli\u00e8re, taille et nettoyage \u2014 nous gardons votre espace ext\u00e9rieur impeccable pour que vous puissiez en profiter pleinement.<\/p>\n\n\n\n<h2 class=\"wp-block-heading has-heading-font-family has-x-large-font-size\">Un seul interlocuteur pour tout<\/h2>\n\n\n\n<p class=\"has-medium-color has-text-color\">Nobel Wash et Nobel Facilities travaillent en \u00e9troite collaboration afin que vous ayez toujours un seul interlocuteur de confiance. Lessive, nettoyage, bricolage, jardin et piscine \u2014 nous planifions tout au moment qui vous convient.<\/p>\n\n\n<\/div>\n\n\n\n<div class=\"wp-block-group alignfull om-fade-up has-light-background-color has-background has-global-padding is-layout-constrained wp-container-core-group-is-layout-c5787a18 wp-block-group-is-layout-constrained\" style=\"padding-top:var(--wp--preset--spacing--70);padding-right:var(--wp--preset--spacing--40);padding-bottom:var(--wp--preset--spacing--70);padding-left:var(--wp--preset--spacing--40)\">\n\n\n<div class=\"wp-block-group has-global-padding is-layout-constrained wp-container-core-group-is-layout-429d4cfc wp-block-group-is-layout-constrained\" style=\"margin-bottom:var(--wp--preset--spacing--50)\">\n\n\n<h2 class=\"wp-block-heading has-text-align-center has-heading-font-family has-xx-large-font-size\">Nos services<\/h2>\n\n\n\n<p class=\"has-text-align-center has-medium-color has-text-color has-lead-font-size\">Un aper\u00e7u de nos services pour entreprises et particuliers.<\/p>\n\n\n<\/div>\n\n\n\n<div class=\"wp-block-columns is-layout-flex wp-container-core-columns-is-layout-7fc3d43a wp-block-columns-is-layout-flex\">\n\n\n<div class=\"wp-block-column is-layout-flow wp-block-column-is-layout-flow\">\n<div class=\"wp-block-group has-shadow-sm has-white-background-color has-background has-global-padding is-layout-constrained wp-container-core-group-is-layout-397f840d wp-block-group-is-layout-constrained\" style=\"border-radius:12px;padding-top:0;padding-right:0;padding-bottom:var(--wp--preset--spacing--40);padding-left:0\">\n\n\n<figure class=\"wp-block-image size-large has-custom-border\"><img loading=\"lazy\" decoding=\"async\" width=\"800\" height=\"800\" src=\"https:\/\/nobel-wash.be\/wp-content\/uploads\/2026\/02\/nobelwash-zaventem-poets-card-01.webp\" alt=\"Spray de nettoyage professionnel et chiffon sur un bureau de travail propre\" class=\"wp-image-57\" style=\"border-top-left-radius:12px;border-top-right-radius:12px;border-bottom-left-radius:0px;border-bottom-right-radius:0px\" srcset=\"https:\/\/nobel-wash.be\/wp-content\/uploads\/2026\/02\/nobelwash-zaventem-poets-card-01.webp 800w, https:\/\/nobel-wash.be\/wp-content\/uploads\/2026\/02\/nobelwash-zaventem-poets-card-01-300x300.webp 300w, https:\/\/nobel-wash.be\/wp-content\/uploads\/2026\/02\/nobelwash-zaventem-poets-card-01-150x150.webp 150w, https:\/\/nobel-wash.be\/wp-content\/uploads\/2026\/02\/nobelwash-zaventem-poets-card-01-768x768.webp 768w\" sizes=\"auto, (max-width: 800px) 100vw, 800px\" \/><\/figure>\n\n\n\n<div class=\"wp-block-group has-global-padding is-layout-constrained wp-container-core-group-is-layout-6aa61af2 wp-block-group-is-layout-constrained\" style=\"padding-top:var(--wp--preset--spacing--30);padding-right:var(--wp--preset--spacing--30);padding-left:var(--wp--preset--spacing--30)\">\n\n\n<h3 class=\"wp-block-heading has-heading-font-family has-large-font-size\">Service de nettoyage<\/h3>\n\n\n\n<p class=\"has-medium-color has-text-color has-small-font-size\">Nettoyage approfondi de bureaux, espaces commerciaux et lieux de travail. Ponctuel, discret et avec le souci du d\u00e9tail.<\/p>\n\n\n\n<p class=\"has-small-font-size\"><a href=\"\/contact-fr\/\">Plus d&rsquo;infos \u2192<\/a><\/p>\n\n\n<\/div>\n\n\n<\/div>\n<\/div>\n\n\n\n<div class=\"wp-block-column is-layout-flow wp-block-column-is-layout-flow\">\n<div class=\"wp-block-group has-shadow-sm has-white-background-color has-background has-global-padding is-layout-constrained wp-container-core-group-is-layout-397f840d wp-block-group-is-layout-constrained\" style=\"border-radius:12px;padding-top:0;padding-right:0;padding-bottom:var(--wp--preset--spacing--40);padding-left:0\">\n\n\n<figure class=\"wp-block-image size-large has-custom-border\"><img loading=\"lazy\" decoding=\"async\" width=\"800\" height=\"800\" src=\"https:\/\/nobel-wash.be\/wp-content\/uploads\/2026\/02\/nobelwash-zaventem-poets-card-02.webp\" alt=\"Artisan effectuant des travaux de r\u00e9paration dans un int\u00e9rieur moderne\" class=\"wp-image-58\" style=\"border-top-left-radius:12px;border-top-right-radius:12px;border-bottom-left-radius:0px;border-bottom-right-radius:0px\" srcset=\"https:\/\/nobel-wash.be\/wp-content\/uploads\/2026\/02\/nobelwash-zaventem-poets-card-02.webp 800w, https:\/\/nobel-wash.be\/wp-content\/uploads\/2026\/02\/nobelwash-zaventem-poets-card-02-300x300.webp 300w, https:\/\/nobel-wash.be\/wp-content\/uploads\/2026\/02\/nobelwash-zaventem-poets-card-02-150x150.webp 150w, https:\/\/nobel-wash.be\/wp-content\/uploads\/2026\/02\/nobelwash-zaventem-poets-card-02-768x768.webp 768w\" sizes=\"auto, (max-width: 800px) 100vw, 800px\" \/><\/figure>\n\n\n\n<div class=\"wp-block-group has-global-padding is-layout-constrained wp-container-core-group-is-layout-6aa61af2 wp-block-group-is-layout-constrained\" style=\"padding-top:var(--wp--preset--spacing--30);padding-right:var(--wp--preset--spacing--30);padding-left:var(--wp--preset--spacing--30)\">\n\n\n<h3 class=\"wp-block-heading has-heading-font-family has-large-font-size\">Service de bricolage<\/h3>\n\n\n\n<p class=\"has-medium-color has-text-color has-small-font-size\">R\u00e9parations, r\u00e9novations et petit entretien dans et autour de votre habitation. Travail professionnel et rapide via Nobel Facilities.<\/p>\n\n\n\n<p class=\"has-small-font-size\"><a href=\"\/contact-fr\/\">Plus d&rsquo;infos \u2192<\/a><\/p>\n\n\n<\/div>\n\n\n<\/div>\n<\/div>\n\n\n\n<div class=\"wp-block-column is-layout-flow wp-block-column-is-layout-flow\">\n<div class=\"wp-block-group has-shadow-sm has-white-background-color has-background has-global-padding is-layout-constrained wp-container-core-group-is-layout-397f840d wp-block-group-is-layout-constrained\" style=\"border-radius:12px;padding-top:0;padding-right:0;padding-bottom:var(--wp--preset--spacing--40);padding-left:0\">\n\n\n<figure class=\"wp-block-image size-large has-custom-border\"><img loading=\"lazy\" decoding=\"async\" width=\"800\" height=\"800\" src=\"https:\/\/nobel-wash.be\/wp-content\/uploads\/2026\/02\/nobelwash-zaventem-poets-card-03.webp\" alt=\"Jardin priv\u00e9 soign\u00e9 avec pelouse verte et haies taill\u00e9es\" class=\"wp-image-59\" style=\"border-top-left-radius:12px;border-top-right-radius:12px;border-bottom-left-radius:0px;border-bottom-right-radius:0px\" srcset=\"https:\/\/nobel-wash.be\/wp-content\/uploads\/2026\/02\/nobelwash-zaventem-poets-card-03.webp 800w, https:\/\/nobel-wash.be\/wp-content\/uploads\/2026\/02\/nobelwash-zaventem-poets-card-03-300x300.webp 300w, https:\/\/nobel-wash.be\/wp-content\/uploads\/2026\/02\/nobelwash-zaventem-poets-card-03-150x150.webp 150w, https:\/\/nobel-wash.be\/wp-content\/uploads\/2026\/02\/nobelwash-zaventem-poets-card-03-768x768.webp 768w\" sizes=\"auto, (max-width: 800px) 100vw, 800px\" \/><\/figure>\n\n\n\n<div class=\"wp-block-group has-global-padding is-layout-constrained wp-container-core-group-is-layout-6aa61af2 wp-block-group-is-layout-constrained\" style=\"padding-top:var(--wp--preset--spacing--30);padding-right:var(--wp--preset--spacing--30);padding-left:var(--wp--preset--spacing--30)\">\n\n\n<h3 class=\"wp-block-heading has-heading-font-family has-large-font-size\">Jardin &amp; Piscine<\/h3>\n\n\n\n<p class=\"has-medium-color has-text-color has-small-font-size\">Nettoyage de piscine, entretien de jardin et travaux saisonniers. Profitez de votre espace ext\u00e9rieur en toute s\u00e9r\u00e9nit\u00e9.<\/p>\n\n\n\n<p class=\"has-small-font-size\"><a href=\"\/contact-fr\/\">Plus d&rsquo;infos \u2192<\/a><\/p>\n\n\n<\/div>\n\n\n<\/div>\n<\/div>\n\n\n<\/div>\n\n\n<\/div>\n\n\n\n<div class=\"wp-block-group alignfull om-cta-last has-primary-background-color has-background has-global-padding is-layout-constrained wp-container-core-group-is-layout-1fd5867f wp-block-group-is-layout-constrained\" style=\"padding-top:var(--wp--preset--spacing--70);padding-right:var(--wp--preset--spacing--40);padding-bottom:var(--wp--preset--spacing--70);padding-left:var(--wp--preset--spacing--40)\">\n\n    \n    <h2 class=\"wp-block-heading has-text-align-center has-white-color has-text-color has-heading-font-family\">Vous souhaitez plus d&rsquo;informations ?<\/h2>\n    \n\n    \n    <p class=\"has-text-align-center has-white-color has-text-color has-lead-font-size\">Contactez-nous au <a href=\"tel:+32475752512\" style=\"color:#FFFFFF;text-decoration:underline;\">+32 475 75 25 12<\/a> ou envoyez un e-mail \u00e0 <a href=\"mailto:nobelpool@online.be\" style=\"color:#FFFFFF;text-decoration:underline;\">nobelpool@online.be<\/a><\/p>\n    \n\n    \n    <div class=\"wp-block-buttons is-content-justification-center is-layout-flex wp-container-core-buttons-is-layout-a89b3969 wp-block-buttons-is-layout-flex\">\n        \n        <div class=\"wp-block-button\"><a class=\"wp-block-button__link has-primary-color has-white-background-color has-text-color has-background\" style=\"border-radius:8px\" href=\"tel:+32475752512\">Appelez-nous<\/a><\/div>\n        \n\n        \n        <div class=\"wp-block-button is-style-outline is-style-outline--1\"><a class=\"wp-block-button__link has-white-color has-text-color\" style=\"border-color:#FFFFFF;border-width:2px;border-radius:8px\" href=\"mailto:nobelpool@online.be\">Envoyez-nous un e-mail<\/a><\/div>\n        \n    <\/div>\n    \n\n<\/div>\n","protected":false},"excerpt":{"rendered":"<p>Service de nettoyage Zaventem et bricolage \u2014 Nobel Wash &amp; Nobel Facilities Nobel Wash est bien plus qu&rsquo;une blanchisserie. Notre nettoyage Zaventem offre un service de nettoyage complet pour les clients professionnels. Et pour les travaux plus importants \u00e0 l&rsquo;int\u00e9rieur comme \u00e0 l&rsquo;ext\u00e9rieur \u2014 de la construction neuve \u00e0 l&rsquo;entretien de piscine \u2014 notre soci\u00e9t\u00e9 [&hellip;]<\/p>\n","protected":false},"author":1,"featured_media":0,"parent":0,"menu_order":20,"comment_status":"closed","ping_status":"closed","template":"","meta":{"footnotes":""},"class_list":["post-137","page","type-page","status-publish","hentry"],"_links":{"self":[{"href":"https:\/\/nobel-wash.be\/fr\/wp-json\/wp\/v2\/pages\/137","targetHints":{"allow":["GET"]}}],"collection":[{"href":"https:\/\/nobel-wash.be\/fr\/wp-json\/wp\/v2\/pages"}],"about":[{"href":"https:\/\/nobel-wash.be\/fr\/wp-json\/wp\/v2\/types\/page"}],"author":[{"embeddable":true,"href":"https:\/\/nobel-wash.be\/fr\/wp-json\/wp\/v2\/users\/1"}],"replies":[{"embeddable":true,"href":"https:\/\/nobel-wash.be\/fr\/wp-json\/wp\/v2\/comments?post=137"}],"version-history":[{"count":2,"href":"https:\/\/nobel-wash.be\/fr\/wp-json\/wp\/v2\/pages\/137\/revisions"}],"predecessor-version":[{"id":237,"href":"https:\/\/nobel-wash.be\/fr\/wp-json\/wp\/v2\/pages\/137\/revisions\/237"}],"wp:attachment":[{"href":"https:\/\/nobel-wash.be\/fr\/wp-json\/wp\/v2\/media?parent=137"}],"curies":[{"name":"wp","href":"https:\/\/api.w.org\/{rel}","templated":true}]}}