{"id":136,"date":"2026-02-17T22:02:10","date_gmt":"2026-02-17T21:02:10","guid":{"rendered":"http:\/\/nobel-wash:8888\/particuliers\/"},"modified":"2026-03-10T15:19:29","modified_gmt":"2026-03-10T14:19:29","slug":"particuliers","status":"publish","type":"page","link":"https:\/\/nobel-wash.be\/fr\/particuliers\/","title":{"rendered":"Particuliers"},"content":{"rendered":"\n\n<div class=\"wp-block-cover alignfull is-dark\" style=\"padding-top:var(--wp--preset--spacing--80);padding-right:var(--wp--preset--spacing--40);padding-bottom:var(--wp--preset--spacing--80);padding-left:var(--wp--preset--spacing--40);min-height:600px;aspect-ratio:unset;\"><span aria-hidden=\"true\" class=\"wp-block-cover__background has-dark-background-color has-background-dim-50 has-background-dim\"><\/span><img loading=\"lazy\" decoding=\"async\" width=\"1920\" height=\"1080\" class=\"wp-block-cover__image-background wp-image-81\" alt=\"Service de blanchisserie Nobel Wash pour particuliers \u00e0 Zaventem\" src=\"https:\/\/nobel-wash.be\/wp-content\/uploads\/2026\/03\/nobelwash-zaventem-particulieren-hero-01-1920x1080-1.jpg\" data-object-fit=\"cover\" srcset=\"https:\/\/nobel-wash.be\/wp-content\/uploads\/2026\/03\/nobelwash-zaventem-particulieren-hero-01-1920x1080-1.jpg 1920w, https:\/\/nobel-wash.be\/wp-content\/uploads\/2026\/03\/nobelwash-zaventem-particulieren-hero-01-1920x1080-1-300x169.jpg 300w, https:\/\/nobel-wash.be\/wp-content\/uploads\/2026\/03\/nobelwash-zaventem-particulieren-hero-01-1920x1080-1-1024x576.jpg 1024w, https:\/\/nobel-wash.be\/wp-content\/uploads\/2026\/03\/nobelwash-zaventem-particulieren-hero-01-1920x1080-1-768x432.jpg 768w, https:\/\/nobel-wash.be\/wp-content\/uploads\/2026\/03\/nobelwash-zaventem-particulieren-hero-01-1920x1080-1-1536x864.jpg 1536w\" sizes=\"auto, (max-width: 1920px) 100vw, 1920px\" \/><div class=\"wp-block-cover__inner-container is-layout-flow wp-block-cover-is-layout-flow\">\n<div class=\"wp-block-group has-global-padding is-layout-constrained wp-container-core-group-is-layout-92ef7b19 wp-block-group-is-layout-constrained\">\n<h1 class=\"wp-block-heading has-text-align-center has-white-color has-text-color has-display-font-size has-heading-font-family\">Faire laver votre linge \u00e0 domicile \u00e0 Zaventem ? Nobel Wash s&rsquo;occupe de tout \u00e0 domicile.<\/h1>\n\n\n\n<p class=\"has-text-align-center has-white-color has-text-color has-lead-font-size\">Service de linge \u00e0 domicile \u2014 pas le temps de faire la lessive ? Nous le faisons pour vous \u2014 retour chez vous en 48 heures.<\/p>\n<\/div>\n<\/div><\/div>\n\n\n\n<div class=\"wp-block-group alignwide has-global-padding is-layout-constrained wp-block-group-is-layout-constrained\" style=\"padding-top:var(--wp--preset--spacing--80);padding-bottom:var(--wp--preset--spacing--80)\">\n<div class=\"wp-block-columns alignwide is-layout-flex wp-container-core-columns-is-layout-14cf5ab5 wp-block-columns-is-layout-flex\">\n<div class=\"wp-block-column is-layout-flow wp-block-column-is-layout-flow\" style=\"flex-basis:55%\">\n<h6 class=\"wp-block-heading has-primary-color has-text-color has-small-font-size\" style=\"letter-spacing:0.1em;text-transform:uppercase\">POUR LES PARTICULIERS<\/h6>\n\n\n\n<h2 class=\"wp-block-heading has-xx-large-font-size has-heading-font-family\">Faire laver votre linge \u00e0 Zaventem ? Nobel Wash s&rsquo;occupe de tout \u00e0 domicile.<\/h2>\n\n\n\n<p class=\"has-lead-font-size\">La vie est bien assez charg\u00e9e. Le travail, les enfants, les rendez-vous \u2014 et cette corbeille de linge sale qui vous attend encore. Vous souhaitez faire laver votre linge \u00e0 domicile ? Avec le service de blanchisserie de <strong>Nobel Wash<\/strong> \u00e0 Zaventem, vous confiez cette t\u00e2che en toute tranquillit\u00e9. Nous r\u00e9cup\u00e9rons votre linge sale, le lavons professionnellement, le repassons et le plions soigneusement \u2014 et vous le livrons dans les <strong>48 heures<\/strong> \u00e0 votre domicile.<\/p>\n\n\n\n<div class=\"wp-block-buttons is-layout-flex wp-block-buttons-is-layout-flex\" style=\"margin-top:var(--wp--preset--spacing--40)\">\n<div class=\"wp-block-button\"><a class=\"wp-block-button__link has-white-color has-primary-background-color has-text-color has-background wp-element-button\" style=\"border-radius:8px\" href=\"\/commander-en-ligne\/\">Commander en ligne<\/a><\/div>\n<\/div>\n<\/div>\n\n\n\n<div class=\"wp-block-column is-layout-flow wp-block-column-is-layout-flow\" style=\"flex-basis:45%\">\n<figure class=\"wp-block-image size-large has-custom-border om-fade-up\"><img loading=\"lazy\" decoding=\"async\" width=\"1920\" height=\"1440\" src=\"https:\/\/nobel-wash.be\/wp-content\/uploads\/2026\/03\/nobelwash-zaventem-particulieren-inpage-01-web.jpg\" alt=\"Faire laver votre linge \u00e0 domicile \u2014 du linge propre dans l'armoire gr\u00e2ce \u00e0 Nobel Wash Zaventem\" class=\"wp-image-86\" style=\"border-radius:8px\" srcset=\"https:\/\/nobel-wash.be\/wp-content\/uploads\/2026\/03\/nobelwash-zaventem-particulieren-inpage-01-web.jpg 1920w, https:\/\/nobel-wash.be\/wp-content\/uploads\/2026\/03\/nobelwash-zaventem-particulieren-inpage-01-web-300x225.jpg 300w, https:\/\/nobel-wash.be\/wp-content\/uploads\/2026\/03\/nobelwash-zaventem-particulieren-inpage-01-web-1024x768.jpg 1024w, https:\/\/nobel-wash.be\/wp-content\/uploads\/2026\/03\/nobelwash-zaventem-particulieren-inpage-01-web-768x576.jpg 768w, https:\/\/nobel-wash.be\/wp-content\/uploads\/2026\/03\/nobelwash-zaventem-particulieren-inpage-01-web-1536x1152.jpg 1536w\" sizes=\"auto, (max-width: 1920px) 100vw, 1920px\" \/><\/figure>\n<\/div>\n<\/div>\n<\/div>\n\n\n\n<div class=\"wp-block-group alignwide has-global-padding is-layout-constrained wp-block-group-is-layout-constrained\" style=\"padding-top:var(--wp--preset--spacing--70);padding-bottom:var(--wp--preset--spacing--70)\">\n<div class=\"wp-block-columns alignwide is-layout-flex wp-container-core-columns-is-layout-14cf5ab5 wp-block-columns-is-layout-flex\">\n<div class=\"wp-block-column is-layout-flow wp-block-column-is-layout-flow\" style=\"flex-basis:55%\">\n<h2 class=\"wp-block-heading has-xx-large-font-size has-heading-font-family\">Faire laver votre linge \u00e0 domicile \u2014 tous les textiles sont les bienvenus<\/h2>\n\n\n\n<p class=\"has-lead-font-size\">Robes, chemises, v\u00eatements de sport, pantalons, serviettes, linge de lit \u2014 vous pouvez tout nous confier. Nobel Wash poss\u00e8de une large exp\u00e9rience avec tous types de textiles et de v\u00eatements. Apr\u00e8s la livraison, vous rangez tout directement dans l&rsquo;armoire. Pas de table \u00e0 repasser, pas de tracas.<\/p>\n<\/div>\n\n\n\n<div class=\"wp-block-column is-layout-flow wp-block-column-is-layout-flow\" style=\"flex-basis:45%\">\n<figure class=\"wp-block-image size-large has-custom-border om-fade-up\"><img loading=\"lazy\" decoding=\"async\" width=\"800\" height=\"800\" src=\"https:\/\/nobel-wash.be\/wp-content\/uploads\/2026\/03\/nobelwash-zaventem-particulieren-card-01-web.jpg\" alt=\"V\u00eatements color\u00e9s soigneusement pli\u00e9s \u2014 service de blanchisserie Nobel Wash\" class=\"wp-image-83\" style=\"border-radius:8px\" srcset=\"https:\/\/nobel-wash.be\/wp-content\/uploads\/2026\/03\/nobelwash-zaventem-particulieren-card-01-web.jpg 800w, https:\/\/nobel-wash.be\/wp-content\/uploads\/2026\/03\/nobelwash-zaventem-particulieren-card-01-web-300x300.jpg 300w, https:\/\/nobel-wash.be\/wp-content\/uploads\/2026\/03\/nobelwash-zaventem-particulieren-card-01-web-150x150.jpg 150w, https:\/\/nobel-wash.be\/wp-content\/uploads\/2026\/03\/nobelwash-zaventem-particulieren-card-01-web-768x768.jpg 768w\" sizes=\"auto, (max-width: 800px) 100vw, 800px\" \/><\/figure>\n<\/div>\n<\/div>\n<\/div>\n\n\n\n<div class=\"wp-block-group alignwide has-global-padding is-layout-constrained wp-block-group-is-layout-constrained\" style=\"padding-top:var(--wp--preset--spacing--70);padding-bottom:var(--wp--preset--spacing--70)\">\n<div class=\"wp-block-columns alignwide is-layout-flex wp-container-core-columns-is-layout-14cf5ab5 wp-block-columns-is-layout-flex\">\n<div class=\"wp-block-column is-layout-flow wp-block-column-is-layout-flow\" style=\"flex-basis:45%\">\n<figure class=\"wp-block-image size-large has-custom-border om-fade-up\"><img loading=\"lazy\" decoding=\"async\" width=\"800\" height=\"456\" src=\"https:\/\/nobel-wash.be\/wp-content\/uploads\/2026\/03\/nobelwash-zaventem-particulieren-card-02-web.jpg\" alt=\"Service de blanchisserie rapide en 48 heures \u2014 Nobel Wash Zaventem\" class=\"wp-image-84\" style=\"border-radius:8px\" srcset=\"https:\/\/nobel-wash.be\/wp-content\/uploads\/2026\/03\/nobelwash-zaventem-particulieren-card-02-web.jpg 800w, https:\/\/nobel-wash.be\/wp-content\/uploads\/2026\/03\/nobelwash-zaventem-particulieren-card-02-web-300x171.jpg 300w, https:\/\/nobel-wash.be\/wp-content\/uploads\/2026\/03\/nobelwash-zaventem-particulieren-card-02-web-768x438.jpg 768w\" sizes=\"auto, (max-width: 800px) 100vw, 800px\" \/><\/figure>\n<\/div>\n\n\n\n<div class=\"wp-block-column is-layout-flow wp-block-column-is-layout-flow\" style=\"flex-basis:55%\">\n<h2 class=\"wp-block-heading has-xx-large-font-size has-heading-font-family\">Service rapide et pratique en 48 heures<\/h2>\n\n\n\n<p class=\"has-lead-font-size\">Commander est tr\u00e8s simple <strong>en ligne<\/strong> : choisissez le moment de collecte souhait\u00e9 et indiquez ce que vous d\u00e9sirez \u2014 uniquement le lavage, ou \u00e9galement le repassage, le nettoyage \u00e0 la vapeur et le pliage. Dans les 48 heures, votre linge frais et parfaitement propre est de retour \u00e0 votre porte.<\/p>\n<\/div>\n<\/div>\n<\/div>\n\n\n\n<div class=\"wp-block-group alignwide has-global-padding is-layout-constrained wp-block-group-is-layout-constrained\" style=\"padding-top:var(--wp--preset--spacing--70);padding-bottom:var(--wp--preset--spacing--70)\">\n<div class=\"wp-block-columns alignwide is-layout-flex wp-container-core-columns-is-layout-14cf5ab5 wp-block-columns-is-layout-flex\">\n<div class=\"wp-block-column is-layout-flow wp-block-column-is-layout-flow\" style=\"flex-basis:55%\">\n<h2 class=\"wp-block-heading has-xx-large-font-size has-heading-font-family\">Plus que votre simple lessive<\/h2>\n\n\n\n<p class=\"has-lead-font-size\">Nobel Wash vous soulage \u00e9galement dans d&rsquo;autres domaines. Via notre entreprise de nettoyage et notre soci\u00e9t\u00e9 s\u0153ur Nobel Facilities, vous pouvez \u00e9galement faire appel \u00e0 nous pour le nettoyage de votre habitation, l&rsquo;entretien de votre piscine, les travaux de jardinage ou les finitions apr\u00e8s une r\u00e9novation. Un seul interlocuteur pour tout votre confort \u00e0 domicile.<\/p>\n<\/div>\n\n\n\n<div class=\"wp-block-column is-layout-flow wp-block-column-is-layout-flow\" style=\"flex-basis:45%\">\n<figure class=\"wp-block-image size-large has-custom-border om-fade-up\"><img loading=\"lazy\" decoding=\"async\" width=\"1920\" height=\"1440\" src=\"https:\/\/nobel-wash.be\/wp-content\/uploads\/2026\/03\/nobelwash-zaventem-particulieren-inpage-02-web-1.jpg\" alt=\"Nobel Wash s'occupe de bien plus que votre lessive\" class=\"wp-image-121\" style=\"border-radius:8px\" srcset=\"https:\/\/nobel-wash.be\/wp-content\/uploads\/2026\/03\/nobelwash-zaventem-particulieren-inpage-02-web-1.jpg 1920w, https:\/\/nobel-wash.be\/wp-content\/uploads\/2026\/03\/nobelwash-zaventem-particulieren-inpage-02-web-1-300x225.jpg 300w, https:\/\/nobel-wash.be\/wp-content\/uploads\/2026\/03\/nobelwash-zaventem-particulieren-inpage-02-web-1-1024x768.jpg 1024w, https:\/\/nobel-wash.be\/wp-content\/uploads\/2026\/03\/nobelwash-zaventem-particulieren-inpage-02-web-1-768x576.jpg 768w, https:\/\/nobel-wash.be\/wp-content\/uploads\/2026\/03\/nobelwash-zaventem-particulieren-inpage-02-web-1-1536x1152.jpg 1536w\" sizes=\"auto, (max-width: 1920px) 100vw, 1920px\" \/><\/figure>\n<\/div>\n<\/div>\n<\/div>\n\n\n\n<div class=\"wp-block-group alignwide has-global-padding is-layout-constrained wp-block-group-is-layout-constrained\" style=\"padding-top:var(--wp--preset--spacing--70);padding-bottom:var(--wp--preset--spacing--70)\">\n<div class=\"wp-block-columns alignwide is-layout-flex wp-container-core-columns-is-layout-14cf5ab5 wp-block-columns-is-layout-flex\">\n<div class=\"wp-block-column is-layout-flow wp-block-column-is-layout-flow\" style=\"flex-basis:45%\">\n<figure class=\"wp-block-image size-large has-custom-border om-fade-up\"><img loading=\"lazy\" decoding=\"async\" width=\"800\" height=\"436\" src=\"https:\/\/nobel-wash.be\/wp-content\/uploads\/2026\/03\/nobelwash-zaventem-particulieren-card-03-web.jpg\" alt=\"Plus de temps libre pour vous \u2014 blanchisserie Nobel Wash\" class=\"wp-image-85\" style=\"border-radius:8px\" srcset=\"https:\/\/nobel-wash.be\/wp-content\/uploads\/2026\/03\/nobelwash-zaventem-particulieren-card-03-web.jpg 800w, https:\/\/nobel-wash.be\/wp-content\/uploads\/2026\/03\/nobelwash-zaventem-particulieren-card-03-web-300x164.jpg 300w, https:\/\/nobel-wash.be\/wp-content\/uploads\/2026\/03\/nobelwash-zaventem-particulieren-card-03-web-768x419.jpg 768w\" sizes=\"auto, (max-width: 800px) 100vw, 800px\" \/><\/figure>\n<\/div>\n\n\n\n<div class=\"wp-block-column is-layout-flow wp-block-column-is-layout-flow\" style=\"flex-basis:55%\">\n<h2 class=\"wp-block-heading has-xx-large-font-size has-heading-font-family\">Plus de temps libre pour vous<\/h2>\n\n\n\n<p class=\"has-lead-font-size\">En faisant laver votre linge \u00e0 domicile, vous gagnez un temps pr\u00e9cieux. Du temps que vous pouvez consacrer \u00e0 ce qui compte vraiment : vous d\u00e9tendre, votre famille, vos loisirs. Nobel Wash vous lib\u00e8re de cette charge \u2014 de mani\u00e8re professionnelle, ponctuelle et avec soin.<\/p>\n<\/div>\n<\/div>\n<\/div>\n\n\n\n<div class=\"wp-block-group alignfull om-cta-last has-primary-background-color has-background has-global-padding is-layout-constrained wp-container-core-group-is-layout-1fd5867f wp-block-group-is-layout-constrained\" style=\"padding-top:var(--wp--preset--spacing--70);padding-right:var(--wp--preset--spacing--40);padding-bottom:var(--wp--preset--spacing--70);padding-left:var(--wp--preset--spacing--40)\">\n\n    \n    <h2 class=\"wp-block-heading has-text-align-center has-white-color has-text-color has-heading-font-family\">Vous souhaitez plus d&rsquo;informations ?<\/h2>\n    \n\n    \n    <p class=\"has-text-align-center has-white-color has-text-color has-lead-font-size\">Contactez-nous au <a href=\"tel:+32475752512\" style=\"color:#FFFFFF;text-decoration:underline;\">+32 475 75 25 12<\/a> ou envoyez un e-mail \u00e0 <a href=\"mailto:nobelpool@online.be\" style=\"color:#FFFFFF;text-decoration:underline;\">nobelpool@online.be<\/a><\/p>\n    \n\n    \n    <div class=\"wp-block-buttons is-content-justification-center is-layout-flex wp-container-core-buttons-is-layout-a89b3969 wp-block-buttons-is-layout-flex\">\n        \n        <div class=\"wp-block-button\"><a class=\"wp-block-button__link has-primary-color has-white-background-color has-text-color has-background\" style=\"border-radius:8px\" href=\"tel:+32475752512\">Appelez-nous<\/a><\/div>\n        \n\n        \n        <div class=\"wp-block-button is-style-outline is-style-outline--1\"><a class=\"wp-block-button__link has-white-color has-text-color\" style=\"border-color:#FFFFFF;border-width:2px;border-radius:8px\" href=\"mailto:nobelpool@online.be\">Envoyez-nous un e-mail<\/a><\/div>\n        \n    <\/div>\n    \n\n<\/div>\n","protected":false},"excerpt":{"rendered":"<p>POUR LES PARTICULIERS Faire laver votre linge \u00e0 Zaventem ? Nobel Wash s&rsquo;occupe de tout \u00e0 domicile. La vie est bien assez charg\u00e9e. Le travail, les enfants, les rendez-vous \u2014 et cette corbeille de linge sale qui vous attend encore. Vous souhaitez faire laver votre linge \u00e0 domicile ? Avec le service de blanchisserie de [&hellip;]<\/p>\n","protected":false},"author":1,"featured_media":0,"parent":0,"menu_order":10,"comment_status":"closed","ping_status":"closed","template":"","meta":{"footnotes":""},"class_list":["post-136","page","type-page","status-publish","hentry"],"_links":{"self":[{"href":"https:\/\/nobel-wash.be\/fr\/wp-json\/wp\/v2\/pages\/136","targetHints":{"allow":["GET"]}}],"collection":[{"href":"https:\/\/nobel-wash.be\/fr\/wp-json\/wp\/v2\/pages"}],"about":[{"href":"https:\/\/nobel-wash.be\/fr\/wp-json\/wp\/v2\/types\/page"}],"author":[{"embeddable":true,"href":"https:\/\/nobel-wash.be\/fr\/wp-json\/wp\/v2\/users\/1"}],"replies":[{"embeddable":true,"href":"https:\/\/nobel-wash.be\/fr\/wp-json\/wp\/v2\/comments?post=136"}],"version-history":[{"count":2,"href":"https:\/\/nobel-wash.be\/fr\/wp-json\/wp\/v2\/pages\/136\/revisions"}],"predecessor-version":[{"id":236,"href":"https:\/\/nobel-wash.be\/fr\/wp-json\/wp\/v2\/pages\/136\/revisions\/236"}],"wp:attachment":[{"href":"https:\/\/nobel-wash.be\/fr\/wp-json\/wp\/v2\/media?parent=136"}],"curies":[{"name":"wp","href":"https:\/\/api.w.org\/{rel}","templated":true}]}}