{"id":135,"date":"2026-02-17T22:02:09","date_gmt":"2026-02-17T21:02:09","guid":{"rendered":"http:\/\/nobel-wash:8888\/professionnels\/"},"modified":"2026-03-10T15:19:06","modified_gmt":"2026-03-10T14:19:06","slug":"professionnels","status":"publish","type":"page","link":"https:\/\/nobel-wash.be\/fr\/professionnels\/","title":{"rendered":"Professionnels"},"content":{"rendered":"\n\n<div class=\"wp-block-cover alignfull is-dark\" style=\"padding-top:var(--wp--preset--spacing--80);padding-right:var(--wp--preset--spacing--40);padding-bottom:var(--wp--preset--spacing--80);padding-left:var(--wp--preset--spacing--40);min-height:600px;aspect-ratio:unset;\"><span aria-hidden=\"true\" class=\"wp-block-cover__background has-dark-background-color has-background-dim-50 has-background-dim\"><\/span><img loading=\"lazy\" decoding=\"async\" width=\"1920\" height=\"1080\" class=\"wp-block-cover__image-background wp-image-91\" alt=\"Blanchisserie professionnelle pour l'h\u00f4tellerie et les h\u00f4tels \u2014 Nobel Wash Zaventem\" src=\"https:\/\/nobel-wash.be\/wp-content\/uploads\/2026\/03\/nobelwash-zaventem-professionals-hero-02-1920x1080-1.jpg\" data-object-fit=\"cover\" srcset=\"https:\/\/nobel-wash.be\/wp-content\/uploads\/2026\/03\/nobelwash-zaventem-professionals-hero-02-1920x1080-1.jpg 1920w, https:\/\/nobel-wash.be\/wp-content\/uploads\/2026\/03\/nobelwash-zaventem-professionals-hero-02-1920x1080-1-300x169.jpg 300w, https:\/\/nobel-wash.be\/wp-content\/uploads\/2026\/03\/nobelwash-zaventem-professionals-hero-02-1920x1080-1-1024x576.jpg 1024w, https:\/\/nobel-wash.be\/wp-content\/uploads\/2026\/03\/nobelwash-zaventem-professionals-hero-02-1920x1080-1-768x432.jpg 768w, https:\/\/nobel-wash.be\/wp-content\/uploads\/2026\/03\/nobelwash-zaventem-professionals-hero-02-1920x1080-1-1536x864.jpg 1536w\" sizes=\"auto, (max-width: 1920px) 100vw, 1920px\" \/><div class=\"wp-block-cover__inner-container is-layout-flow wp-block-cover-is-layout-flow\">\n<div class=\"wp-block-group has-global-padding is-layout-constrained wp-container-core-group-is-layout-92ef7b19 wp-block-group-is-layout-constrained\">\n<h1 class=\"wp-block-heading has-text-align-center has-white-color has-text-color has-display-font-size has-heading-font-family\">Blanchisserie professionnelle pour l&rsquo;h\u00f4tellerie, les h\u00f4tels et les entreprises \u00e0 Zaventem<\/h1>\n\n\n\n<p class=\"has-text-align-center has-white-color has-text-color has-lead-font-size\">Blanchisserie professionnelle : du textile impeccable pour votre h\u00f4tel, restaurant ou entreprise \u2014 livr\u00e9 en 48 heures.<\/p>\n<\/div>\n<\/div><\/div>\n\n\n\n<div class=\"wp-block-group alignwide has-global-padding is-layout-constrained wp-block-group-is-layout-constrained\" style=\"padding-top:var(--wp--preset--spacing--80);padding-bottom:var(--wp--preset--spacing--80)\">\n<div class=\"wp-block-columns alignwide is-layout-flex wp-container-core-columns-is-layout-14cf5ab5 wp-block-columns-is-layout-flex\">\n<div class=\"wp-block-column is-layout-flow wp-block-column-is-layout-flow\" style=\"flex-basis:55%\">\n<h6 class=\"wp-block-heading has-primary-color has-text-color has-small-font-size\" style=\"letter-spacing:0.1em;text-transform:uppercase\">POUR LES PROFESSIONNELS<\/h6>\n\n\n\n<h2 class=\"wp-block-heading has-xx-large-font-size has-heading-font-family\">Blanchisserie professionnelle pour l&rsquo;h\u00f4tellerie, les h\u00f4tels et les entreprises \u00e0 Zaventem<\/h2>\n\n\n\n<p class=\"has-lead-font-size\">Nobel Wash est la <strong>blanchisserie professionnelle<\/strong> pour entreprises \u00e0 Zaventem et dans la r\u00e9gion de Bruxelles. Que vous dirigiez un h\u00f4tel, un bed &amp; breakfast, un restaurant ou une entreprise : notre \u00e9quipe veille \u00e0 ce que vos serviettes, draps, linge de table et v\u00eatements de travail soient toujours impeccables, sans plis et d&rsquo;une fra\u00eecheur agr\u00e9able. Rapide, ponctuel et avec le souci du d\u00e9tail.<\/p>\n\n\n\n<div class=\"wp-block-buttons is-layout-flex wp-block-buttons-is-layout-flex\" style=\"margin-top:var(--wp--preset--spacing--40)\">\n<div class=\"wp-block-button\"><a class=\"wp-block-button__link has-white-color has-primary-background-color has-text-color has-background wp-element-button\" style=\"border-radius:8px\" href=\"\/contact-fr\/\">Demander un devis<\/a><\/div>\n<\/div>\n<\/div>\n\n\n\n<div class=\"wp-block-column is-layout-flow wp-block-column-is-layout-flow\" style=\"flex-basis:45%\">\n<figure class=\"wp-block-image size-large has-custom-border om-fade-up\"><img loading=\"lazy\" decoding=\"async\" width=\"1280\" height=\"960\" src=\"https:\/\/nobel-wash.be\/wp-content\/uploads\/2026\/03\/nobelwash-zaventem-professionals-inpage-01-web.jpg\" alt=\"Blanchisserie pour entreprises \u00e0 Zaventem \u2014 Nobel Wash service professionnel\" class=\"wp-image-95\" style=\"border-radius:8px\" srcset=\"https:\/\/nobel-wash.be\/wp-content\/uploads\/2026\/03\/nobelwash-zaventem-professionals-inpage-01-web.jpg 1280w, https:\/\/nobel-wash.be\/wp-content\/uploads\/2026\/03\/nobelwash-zaventem-professionals-inpage-01-web-300x225.jpg 300w, https:\/\/nobel-wash.be\/wp-content\/uploads\/2026\/03\/nobelwash-zaventem-professionals-inpage-01-web-1024x768.jpg 1024w, https:\/\/nobel-wash.be\/wp-content\/uploads\/2026\/03\/nobelwash-zaventem-professionals-inpage-01-web-768x576.jpg 768w\" sizes=\"auto, (max-width: 1280px) 100vw, 1280px\" \/><\/figure>\n<\/div>\n<\/div>\n<\/div>\n\n\n\n<div class=\"wp-block-group alignwide has-global-padding is-layout-constrained wp-block-group-is-layout-constrained\" style=\"padding-top:var(--wp--preset--spacing--70);padding-bottom:var(--wp--preset--spacing--70)\">\n<div class=\"wp-block-columns alignwide is-layout-flex wp-container-core-columns-is-layout-14cf5ab5 wp-block-columns-is-layout-flex\">\n<div class=\"wp-block-column is-layout-flow wp-block-column-is-layout-flow\" style=\"flex-basis:45%\">\n<figure class=\"wp-block-image size-large has-custom-border om-fade-up\"><img loading=\"lazy\" decoding=\"async\" width=\"800\" height=\"800\" src=\"https:\/\/nobel-wash.be\/wp-content\/uploads\/2026\/03\/nobelwash-zaventem-professionals-card-02-web.jpg\" alt=\"Traitement expert du linge h\u00f4telier \u2014 Nobel Wash\" class=\"wp-image-93\" style=\"border-radius:8px\" srcset=\"https:\/\/nobel-wash.be\/wp-content\/uploads\/2026\/03\/nobelwash-zaventem-professionals-card-02-web.jpg 800w, https:\/\/nobel-wash.be\/wp-content\/uploads\/2026\/03\/nobelwash-zaventem-professionals-card-02-web-300x300.jpg 300w, https:\/\/nobel-wash.be\/wp-content\/uploads\/2026\/03\/nobelwash-zaventem-professionals-card-02-web-150x150.jpg 150w, https:\/\/nobel-wash.be\/wp-content\/uploads\/2026\/03\/nobelwash-zaventem-professionals-card-02-web-768x768.jpg 768w\" sizes=\"auto, (max-width: 800px) 100vw, 800px\" \/><\/figure>\n<\/div>\n\n\n\n<div class=\"wp-block-column is-layout-flow wp-block-column-is-layout-flow\" style=\"flex-basis:55%\">\n<h2 class=\"wp-block-heading has-xx-large-font-size has-heading-font-family\">Blanchisserie pour entreprises \u2014 traitement expert<\/h2>\n\n\n\n<p class=\"has-lead-font-size\">Des draps d&rsquo;h\u00f4tel aux v\u00eatements d&rsquo;entreprise \u2014 tout est lav\u00e9 avec expertise \u00e0 l&rsquo;aide de produits de lavage et d&rsquo;adoucissants soigneusement s\u00e9lectionn\u00e9s. Le r\u00e9sultat : du textile qui non seulement a l&rsquo;air neuf, mais qui en a aussi le toucher. Vos clients et collaborateurs remarquent la diff\u00e9rence.<\/p>\n<\/div>\n<\/div>\n<\/div>\n\n\n\n<div class=\"wp-block-group alignwide has-global-padding is-layout-constrained wp-block-group-is-layout-constrained\" style=\"padding-top:var(--wp--preset--spacing--70);padding-bottom:var(--wp--preset--spacing--70)\">\n<div class=\"wp-block-columns alignwide is-layout-flex wp-container-core-columns-is-layout-14cf5ab5 wp-block-columns-is-layout-flex\">\n<div class=\"wp-block-column is-layout-flow wp-block-column-is-layout-flow\" style=\"flex-basis:55%\">\n<h2 class=\"wp-block-heading has-xx-large-font-size has-heading-font-family\">Service en 48 heures pour les professionnels<\/h2>\n\n\n\n<p class=\"has-lead-font-size\">L&rsquo;immobilisation co\u00fbte cher. C&rsquo;est pourquoi notre blanchisserie pour entreprises fonctionne avec une <strong>formule efficace en 48 heures<\/strong> : nous r\u00e9cup\u00e9rons le textile sale chez vous, assurons le nettoyage complet et rendons le tout lav\u00e9, repass\u00e9 et soigneusement pli\u00e9. Ainsi, vous disposez toujours de suffisamment de linge propre.<\/p>\n<\/div>\n\n\n\n<div class=\"wp-block-column is-layout-flow wp-block-column-is-layout-flow\" style=\"flex-basis:45%\">\n<figure class=\"wp-block-image size-large has-custom-border om-fade-up\"><img loading=\"lazy\" decoding=\"async\" width=\"800\" height=\"800\" src=\"https:\/\/nobel-wash.be\/wp-content\/uploads\/2026\/03\/nobelwash-zaventem-professionals-card-03-web.jpg\" alt=\"Service en 48 heures blanchisserie professionnelle \u2014 Nobel Wash\" class=\"wp-image-94\" style=\"border-radius:8px\" srcset=\"https:\/\/nobel-wash.be\/wp-content\/uploads\/2026\/03\/nobelwash-zaventem-professionals-card-03-web.jpg 800w, https:\/\/nobel-wash.be\/wp-content\/uploads\/2026\/03\/nobelwash-zaventem-professionals-card-03-web-300x300.jpg 300w, https:\/\/nobel-wash.be\/wp-content\/uploads\/2026\/03\/nobelwash-zaventem-professionals-card-03-web-150x150.jpg 150w, https:\/\/nobel-wash.be\/wp-content\/uploads\/2026\/03\/nobelwash-zaventem-professionals-card-03-web-768x768.jpg 768w\" sizes=\"auto, (max-width: 800px) 100vw, 800px\" \/><\/figure>\n<\/div>\n<\/div>\n<\/div>\n\n\n\n<div class=\"wp-block-group alignwide has-global-padding is-layout-constrained wp-block-group-is-layout-constrained\" style=\"padding-top:var(--wp--preset--spacing--70);padding-bottom:var(--wp--preset--spacing--70)\">\n<div class=\"wp-block-columns alignwide is-layout-flex wp-container-core-columns-is-layout-14cf5ab5 wp-block-columns-is-layout-flex\">\n<div class=\"wp-block-column is-layout-flow wp-block-column-is-layout-flow\" style=\"flex-basis:45%\">\n<figure class=\"wp-block-image size-large has-custom-border om-fade-up\"><img loading=\"lazy\" decoding=\"async\" width=\"800\" height=\"800\" src=\"https:\/\/nobel-wash.be\/wp-content\/uploads\/2026\/03\/nobelwash-zaventem-professionals-card-01-web.jpg\" alt=\"Blanchisserie linge de table restaurant \u2014 Nobel Wash Zaventem\" class=\"wp-image-92\" style=\"border-radius:8px\" srcset=\"https:\/\/nobel-wash.be\/wp-content\/uploads\/2026\/03\/nobelwash-zaventem-professionals-card-01-web.jpg 800w, https:\/\/nobel-wash.be\/wp-content\/uploads\/2026\/03\/nobelwash-zaventem-professionals-card-01-web-300x300.jpg 300w, https:\/\/nobel-wash.be\/wp-content\/uploads\/2026\/03\/nobelwash-zaventem-professionals-card-01-web-150x150.jpg 150w, https:\/\/nobel-wash.be\/wp-content\/uploads\/2026\/03\/nobelwash-zaventem-professionals-card-01-web-768x768.jpg 768w\" sizes=\"auto, (max-width: 800px) 100vw, 800px\" \/><\/figure>\n<\/div>\n\n\n\n<div class=\"wp-block-column is-layout-flow wp-block-column-is-layout-flow\" style=\"flex-basis:55%\">\n<h2 class=\"wp-block-heading has-xx-large-font-size has-heading-font-family\">Actif \u00e0 Bruxelles et dans les environs<\/h2>\n\n\n\n<p class=\"has-lead-font-size\">Notre blanchisserie est situ\u00e9e \u00e0 Zaventem et active \u00e0 <strong>Bruxelles et dans les environs de la capitale<\/strong>. Nous sommes votre partenaire local pour l&rsquo;entretien professionnel du textile \u2014 avec la qualit\u00e9 et la fiabilit\u00e9 que votre \u00e9tablissement m\u00e9rite.<\/p>\n<\/div>\n<\/div>\n<\/div>\n\n\n\n<div class=\"wp-block-group alignwide has-global-padding is-layout-constrained wp-block-group-is-layout-constrained\" style=\"padding-top:var(--wp--preset--spacing--70);padding-bottom:var(--wp--preset--spacing--70)\">\n<div class=\"wp-block-columns alignwide is-layout-flex wp-container-core-columns-is-layout-14cf5ab5 wp-block-columns-is-layout-flex\">\n<div class=\"wp-block-column is-layout-flow wp-block-column-is-layout-flow\" style=\"flex-basis:55%\">\n<h2 class=\"wp-block-heading has-xx-large-font-size has-heading-font-family\">Conseils sur mesure<\/h2>\n\n\n\n<p class=\"has-lead-font-size\">Vous avez une commande importante, des exigences sp\u00e9cifiques ou souhaitez d\u00e9marrer une collaboration ? Contactez-nous sans engagement. Notre \u00e9quipe est \u00e0 l&rsquo;\u00e9coute de vos besoins et vous propose une formule adapt\u00e9e.<\/p>\n<\/div>\n\n\n\n<div class=\"wp-block-column is-layout-flow wp-block-column-is-layout-flow\" style=\"flex-basis:45%\">\n<figure class=\"wp-block-image size-large has-custom-border om-fade-up\"><img loading=\"lazy\" decoding=\"async\" width=\"1920\" height=\"1080\" src=\"https:\/\/nobel-wash.be\/wp-content\/uploads\/2026\/03\/nobelwash-zaventem-professionals-hero-01-1920x1080-1.jpg\" alt=\"Conseils sur mesure pour l'entretien professionnel du textile \u2014 Nobel Wash\" class=\"wp-image-90\" style=\"border-radius:8px\" srcset=\"https:\/\/nobel-wash.be\/wp-content\/uploads\/2026\/03\/nobelwash-zaventem-professionals-hero-01-1920x1080-1.jpg 1920w, https:\/\/nobel-wash.be\/wp-content\/uploads\/2026\/03\/nobelwash-zaventem-professionals-hero-01-1920x1080-1-300x169.jpg 300w, https:\/\/nobel-wash.be\/wp-content\/uploads\/2026\/03\/nobelwash-zaventem-professionals-hero-01-1920x1080-1-1024x576.jpg 1024w, https:\/\/nobel-wash.be\/wp-content\/uploads\/2026\/03\/nobelwash-zaventem-professionals-hero-01-1920x1080-1-768x432.jpg 768w, https:\/\/nobel-wash.be\/wp-content\/uploads\/2026\/03\/nobelwash-zaventem-professionals-hero-01-1920x1080-1-1536x864.jpg 1536w\" sizes=\"auto, (max-width: 1920px) 100vw, 1920px\" \/><\/figure>\n<\/div>\n<\/div>\n<\/div>\n\n\n\n<div class=\"wp-block-group alignfull om-cta-last has-primary-background-color has-background has-global-padding is-layout-constrained wp-container-core-group-is-layout-1fd5867f wp-block-group-is-layout-constrained\" style=\"padding-top:var(--wp--preset--spacing--70);padding-right:var(--wp--preset--spacing--40);padding-bottom:var(--wp--preset--spacing--70);padding-left:var(--wp--preset--spacing--40)\">\n\n    \n    <h2 class=\"wp-block-heading has-text-align-center has-white-color has-text-color has-heading-font-family\">Vous souhaitez plus d&rsquo;informations ?<\/h2>\n    \n\n    \n    <p class=\"has-text-align-center has-white-color has-text-color has-lead-font-size\">Contactez-nous au <a href=\"tel:+32475752512\" style=\"color:#FFFFFF;text-decoration:underline;\">+32 475 75 25 12<\/a> ou envoyez un e-mail \u00e0 <a href=\"mailto:nobelpool@online.be\" style=\"color:#FFFFFF;text-decoration:underline;\">nobelpool@online.be<\/a><\/p>\n    \n\n    \n    <div class=\"wp-block-buttons is-content-justification-center is-layout-flex wp-container-core-buttons-is-layout-a89b3969 wp-block-buttons-is-layout-flex\">\n        \n        <div class=\"wp-block-button\"><a class=\"wp-block-button__link has-primary-color has-white-background-color has-text-color has-background\" style=\"border-radius:8px\" href=\"tel:+32475752512\">Appelez-nous<\/a><\/div>\n        \n\n        \n        <div class=\"wp-block-button is-style-outline is-style-outline--1\"><a class=\"wp-block-button__link has-white-color has-text-color\" style=\"border-color:#FFFFFF;border-width:2px;border-radius:8px\" href=\"mailto:nobelpool@online.be\">Envoyez-nous un e-mail<\/a><\/div>\n        \n    <\/div>\n    \n\n<\/div>\n","protected":false},"excerpt":{"rendered":"<p>POUR LES PROFESSIONNELS Blanchisserie professionnelle pour l&rsquo;h\u00f4tellerie, les h\u00f4tels et les entreprises \u00e0 Zaventem Nobel Wash est la blanchisserie professionnelle pour entreprises \u00e0 Zaventem et dans la r\u00e9gion de Bruxelles. Que vous dirigiez un h\u00f4tel, un bed &amp; breakfast, un restaurant ou une entreprise : notre \u00e9quipe veille \u00e0 ce que vos serviettes, draps, linge [&hellip;]<\/p>\n","protected":false},"author":1,"featured_media":0,"parent":0,"menu_order":15,"comment_status":"closed","ping_status":"closed","template":"","meta":{"footnotes":""},"class_list":["post-135","page","type-page","status-publish","hentry"],"_links":{"self":[{"href":"https:\/\/nobel-wash.be\/fr\/wp-json\/wp\/v2\/pages\/135","targetHints":{"allow":["GET"]}}],"collection":[{"href":"https:\/\/nobel-wash.be\/fr\/wp-json\/wp\/v2\/pages"}],"about":[{"href":"https:\/\/nobel-wash.be\/fr\/wp-json\/wp\/v2\/types\/page"}],"author":[{"embeddable":true,"href":"https:\/\/nobel-wash.be\/fr\/wp-json\/wp\/v2\/users\/1"}],"replies":[{"embeddable":true,"href":"https:\/\/nobel-wash.be\/fr\/wp-json\/wp\/v2\/comments?post=135"}],"version-history":[{"count":2,"href":"https:\/\/nobel-wash.be\/fr\/wp-json\/wp\/v2\/pages\/135\/revisions"}],"predecessor-version":[{"id":235,"href":"https:\/\/nobel-wash.be\/fr\/wp-json\/wp\/v2\/pages\/135\/revisions\/235"}],"wp:attachment":[{"href":"https:\/\/nobel-wash.be\/fr\/wp-json\/wp\/v2\/media?parent=135"}],"curies":[{"name":"wp","href":"https:\/\/api.w.org\/{rel}","templated":true}]}}