{"id":134,"date":"2026-02-17T22:02:08","date_gmt":"2026-02-17T21:02:08","guid":{"rendered":"http:\/\/nobel-wash:8888\/accueil\/"},"modified":"2026-03-10T15:17:46","modified_gmt":"2026-03-10T14:17:46","slug":"accueil","status":"publish","type":"page","link":"https:\/\/nobel-wash.be\/fr\/","title":{"rendered":"Accueil"},"content":{"rendered":"\n\n<div class=\"wp-block-group alignfull om-slider is-layout-flow wp-block-group-is-layout-flow\" style=\"padding-top:0;padding-right:0;padding-bottom:0;padding-left:0\">\n<div class=\"wp-block-cover alignfull is-dark\" style=\"padding-top:var(--wp--preset--spacing--80);padding-right:var(--wp--preset--spacing--40);padding-bottom:var(--wp--preset--spacing--80);padding-left:var(--wp--preset--spacing--40);min-height:600px;aspect-ratio:unset;\"><img loading=\"lazy\" decoding=\"async\" width=\"1920\" height=\"1080\" class=\"wp-block-cover__image-background wp-image-41\" alt=\"\" src=\"https:\/\/nobel-wash.be\/wp-content\/uploads\/2026\/02\/nobelwash-zaventem-home-hero-01.webp\" data-object-fit=\"cover\" srcset=\"https:\/\/nobel-wash.be\/wp-content\/uploads\/2026\/02\/nobelwash-zaventem-home-hero-01.webp 1920w, https:\/\/nobel-wash.be\/wp-content\/uploads\/2026\/02\/nobelwash-zaventem-home-hero-01-300x169.webp 300w, https:\/\/nobel-wash.be\/wp-content\/uploads\/2026\/02\/nobelwash-zaventem-home-hero-01-1024x576.webp 1024w, https:\/\/nobel-wash.be\/wp-content\/uploads\/2026\/02\/nobelwash-zaventem-home-hero-01-768x432.webp 768w, https:\/\/nobel-wash.be\/wp-content\/uploads\/2026\/02\/nobelwash-zaventem-home-hero-01-1536x864.webp 1536w\" sizes=\"auto, (max-width: 1920px) 100vw, 1920px\" \/><span aria-hidden=\"true\" class=\"wp-block-cover__background has-background-dim-40 has-background-dim\" style=\"background-color:#000000\"><\/span><div class=\"wp-block-cover__inner-container is-layout-flow wp-block-cover-is-layout-flow\">\n<div class=\"wp-block-group has-global-padding is-layout-constrained wp-container-core-group-is-layout-92ef7b19 wp-block-group-is-layout-constrained\">\n<h2 class=\"wp-block-heading has-text-align-center has-white-color has-text-color has-heading-font-family has-display-font-size\">Votre linge lav\u00e9, repass\u00e9 et pli\u00e9 \u2014 livr\u00e9 chez vous en 48 heures.<\/h2>\n\n\n\n<p class=\"has-text-align-center has-white-color has-text-color has-body-font-family has-large-font-size\">Nous collectons et livrons. Vous ne faites rien.<\/p>\n\n\n\n<div class=\"wp-block-buttons is-content-justification-center is-layout-flex wp-container-core-buttons-is-layout-d8c0be80 wp-block-buttons-is-layout-flex\" style=\"margin-top:var(--wp--preset--spacing--40)\">\n<div class=\"wp-block-button\"><a class=\"wp-block-button__link has-primary-color has-white-background-color has-text-color has-background wp-element-button\" href=\"\/commander-en-ligne\/\" style=\"border-radius:8px\">Commander en ligne<\/a><\/div>\n<\/div>\n<\/div>\n<\/div><\/div>\n\n\n\n<div class=\"wp-block-cover alignfull is-dark\" style=\"padding-top:var(--wp--preset--spacing--80);padding-right:var(--wp--preset--spacing--40);padding-bottom:var(--wp--preset--spacing--80);padding-left:var(--wp--preset--spacing--40);min-height:600px;aspect-ratio:unset;\"><img loading=\"lazy\" decoding=\"async\" width=\"1920\" height=\"1080\" class=\"wp-block-cover__image-background wp-image-42\" alt=\"\" src=\"https:\/\/nobel-wash.be\/wp-content\/uploads\/2026\/02\/nobelwash-zaventem-home-hero-02.webp\" data-object-fit=\"cover\" srcset=\"https:\/\/nobel-wash.be\/wp-content\/uploads\/2026\/02\/nobelwash-zaventem-home-hero-02.webp 1920w, https:\/\/nobel-wash.be\/wp-content\/uploads\/2026\/02\/nobelwash-zaventem-home-hero-02-300x169.webp 300w, https:\/\/nobel-wash.be\/wp-content\/uploads\/2026\/02\/nobelwash-zaventem-home-hero-02-1024x576.webp 1024w, https:\/\/nobel-wash.be\/wp-content\/uploads\/2026\/02\/nobelwash-zaventem-home-hero-02-768x432.webp 768w, https:\/\/nobel-wash.be\/wp-content\/uploads\/2026\/02\/nobelwash-zaventem-home-hero-02-1536x864.webp 1536w\" sizes=\"auto, (max-width: 1920px) 100vw, 1920px\" \/><span aria-hidden=\"true\" class=\"wp-block-cover__background has-background-dim-40 has-background-dim\" style=\"background-color:#000000\"><\/span><div class=\"wp-block-cover__inner-container is-layout-flow wp-block-cover-is-layout-flow\">\n<div class=\"wp-block-group has-global-padding is-layout-constrained wp-container-core-group-is-layout-92ef7b19 wp-block-group-is-layout-constrained\">\n<h2 class=\"wp-block-heading has-text-align-center has-white-color has-text-color has-heading-font-family has-display-font-size\">Pour les Professionnels<\/h2>\n\n\n\n<p class=\"has-text-align-center has-white-color has-text-color has-body-font-family has-large-font-size\">Service de blanchisserie professionnel pour l&rsquo;h\u00f4tellerie et les entreprises<\/p>\n\n\n\n<div class=\"wp-block-buttons is-content-justification-center is-layout-flex wp-container-core-buttons-is-layout-d8c0be80 wp-block-buttons-is-layout-flex\" style=\"margin-top:var(--wp--preset--spacing--40)\">\n<div class=\"wp-block-button\"><a class=\"wp-block-button__link has-dark-color has-white-background-color has-text-color has-background wp-element-button\" href=\"\/professionnels\/\" style=\"border-radius:8px\">Nos services<\/a><\/div>\n<\/div>\n<\/div>\n<\/div><\/div>\n\n\n\n<div class=\"wp-block-cover alignfull is-dark\" style=\"padding-top:var(--wp--preset--spacing--80);padding-right:var(--wp--preset--spacing--40);padding-bottom:var(--wp--preset--spacing--80);padding-left:var(--wp--preset--spacing--40);min-height:600px;aspect-ratio:unset;\"><img loading=\"lazy\" decoding=\"async\" width=\"1920\" height=\"1080\" class=\"wp-block-cover__image-background wp-image-43\" alt=\"\" src=\"https:\/\/nobel-wash.be\/wp-content\/uploads\/2026\/02\/nobelwash-zaventem-home-hero-03.webp\" data-object-fit=\"cover\" srcset=\"https:\/\/nobel-wash.be\/wp-content\/uploads\/2026\/02\/nobelwash-zaventem-home-hero-03.webp 1920w, https:\/\/nobel-wash.be\/wp-content\/uploads\/2026\/02\/nobelwash-zaventem-home-hero-03-300x169.webp 300w, https:\/\/nobel-wash.be\/wp-content\/uploads\/2026\/02\/nobelwash-zaventem-home-hero-03-1024x576.webp 1024w, https:\/\/nobel-wash.be\/wp-content\/uploads\/2026\/02\/nobelwash-zaventem-home-hero-03-768x432.webp 768w, https:\/\/nobel-wash.be\/wp-content\/uploads\/2026\/02\/nobelwash-zaventem-home-hero-03-1536x864.webp 1536w\" sizes=\"auto, (max-width: 1920px) 100vw, 1920px\" \/><span aria-hidden=\"true\" class=\"wp-block-cover__background has-background-dim-40 has-background-dim\" style=\"background-color:#000000\"><\/span><div class=\"wp-block-cover__inner-container is-layout-flow wp-block-cover-is-layout-flow\">\n<div class=\"wp-block-group has-global-padding is-layout-constrained wp-container-core-group-is-layout-92ef7b19 wp-block-group-is-layout-constrained\">\n<h2 class=\"wp-block-heading has-text-align-center has-white-color has-text-color has-heading-font-family has-display-font-size\">Plus qu&rsquo;une blanchisserie<\/h2>\n\n\n\n<p class=\"has-text-align-center has-white-color has-text-color has-body-font-family has-large-font-size\">Aussi pour le nettoyage, les travaux et l&rsquo;entretien de piscines<\/p>\n\n\n\n<div class=\"wp-block-buttons is-content-justification-center is-layout-flex wp-container-core-buttons-is-layout-d8c0be80 wp-block-buttons-is-layout-flex\" style=\"margin-top:var(--wp--preset--spacing--40)\">\n<div class=\"wp-block-button\"><a class=\"wp-block-button__link has-secondary-color has-white-background-color has-text-color has-background wp-element-button\" href=\"\/nettoyage-bricolage\/\" style=\"border-radius:8px\">Plus d&rsquo;infos<\/a><\/div>\n<\/div>\n<\/div>\n<\/div><\/div>\n<\/div>\n\n\n\n<div class=\"wp-block-group alignfull om-fade-up has-global-padding is-layout-constrained wp-container-core-group-is-layout-c5787a18 wp-block-group-is-layout-constrained\" style=\"padding-top:var(--wp--preset--spacing--70);padding-right:var(--wp--preset--spacing--40);padding-bottom:var(--wp--preset--spacing--70);padding-left:var(--wp--preset--spacing--40)\">\n<div class=\"wp-block-columns are-vertically-aligned-center is-layout-flex wp-container-core-columns-is-layout-14cf5ab5 wp-block-columns-is-layout-flex\">\n<div class=\"wp-block-column is-vertically-aligned-center is-layout-flow wp-block-column-is-layout-flow\" style=\"flex-basis:55%\">\n<h1 class=\"wp-block-heading has-heading-font-family has-xx-large-font-size\">Faites confiance \u00e0 la qualit\u00e9 de Nobel Wash, votre blanchisserie Zaventem<\/h1>\n\n\n\n<p class=\"has-medium-color has-text-color has-lead-font-size\">Nobel Wash est votre blanchisserie Zaventem pour les particuliers et les clients professionnels. Nous r\u00e9cup\u00e9rons votre linge sale et vous le rendons lav\u00e9, repass\u00e9 et pli\u00e9 \u2014 en 48 heures. Du nettoyage \u00e0 neuf et du nettoyage \u00e0 sec \u00e0 domicile au linge professionnel : Nobel Wash s&rsquo;adapte \u00e0 vos souhaits.<\/p>\n\n\n\n<div class=\"wp-block-buttons is-layout-flex wp-block-buttons-is-layout-flex\" style=\"margin-top:var(--wp--preset--spacing--30)\">\n<div class=\"wp-block-button\"><a class=\"wp-block-button__link has-white-color has-primary-background-color has-text-color has-background wp-element-button\" href=\"\/commander-en-ligne\/\" style=\"border-radius:8px\">Commander en ligne<\/a><\/div>\n<\/div>\n<\/div>\n\n\n\n<div class=\"wp-block-column is-vertically-aligned-center is-layout-flow wp-block-column-is-layout-flow\" style=\"flex-basis:45%\">\n<figure class=\"wp-block-image size-large has-custom-border\"><img loading=\"lazy\" decoding=\"async\" width=\"1920\" height=\"1440\" src=\"https:\/\/nobel-wash.be\/wp-content\/uploads\/2026\/02\/nobelwash-zaventem-home-inpage-01.webp\" alt=\"Blanchisserie Zaventem \u2014 cliente satisfaite range son linge propre apr\u00e8s livraison par Nobel Wash\" class=\"wp-image-44\" style=\"border-radius:12px\" srcset=\"https:\/\/nobel-wash.be\/wp-content\/uploads\/2026\/02\/nobelwash-zaventem-home-inpage-01.webp 1920w, https:\/\/nobel-wash.be\/wp-content\/uploads\/2026\/02\/nobelwash-zaventem-home-inpage-01-300x225.webp 300w, https:\/\/nobel-wash.be\/wp-content\/uploads\/2026\/02\/nobelwash-zaventem-home-inpage-01-1024x768.webp 1024w, https:\/\/nobel-wash.be\/wp-content\/uploads\/2026\/02\/nobelwash-zaventem-home-inpage-01-768x576.webp 768w, https:\/\/nobel-wash.be\/wp-content\/uploads\/2026\/02\/nobelwash-zaventem-home-inpage-01-1536x1152.webp 1536w\" sizes=\"auto, (max-width: 1920px) 100vw, 1920px\" \/><\/figure>\n<\/div>\n<\/div>\n<\/div>\n\n\n\n<div class=\"wp-block-group alignfull has-global-padding is-layout-constrained wp-container-core-group-is-layout-dcd7a3c4 wp-block-group-is-layout-constrained\" style=\"padding-top:var(--wp--preset--spacing--60);padding-right:var(--wp--preset--spacing--40);padding-bottom:var(--wp--preset--spacing--70);padding-left:var(--wp--preset--spacing--40)\">\n<h2 class=\"wp-block-heading has-heading-font-family has-x-large-font-size\">Nettoyage \u00e0 neuf et nettoyage \u00e0 sec \u00e0 domicile<\/h2>\n\n\n\n<p class=\"has-medium-color has-text-color\">Notre blanchisserie Zaventem travaille en permanence sur mesure pour votre entreprise ou votre m\u00e9nage. Vous indiquez simplement quand le linge peut \u00eatre r\u00e9cup\u00e9r\u00e9 et ce que vous souhaitez exactement \u2014 lavage, repassage, pressing, pliage ou r\u00e9paration. Nobel Wash s&rsquo;adapte \u00e0 votre planning.<\/p>\n\n\n\n<h2 class=\"wp-block-heading has-heading-font-family has-x-large-font-size\">Fonctionnement professionnel<\/h2>\n\n\n\n<p class=\"has-medium-color has-text-color\">Par sa passion pour le m\u00e9tier, Nobel Wash est reconnu pour son approche professionnelle. Votre linge re\u00e7oit toute l&rsquo;attention n\u00e9cessaire : les produits de lavage et les adoucissants les plus adapt\u00e9s sont s\u00e9lectionn\u00e9s. Vous constatez le r\u00e9sultat d\u00e8s la r\u00e9ception \u2014 des v\u00eatements que vous rangez directement dans l&rsquo;armoire ou que vous portez imm\u00e9diatement.<\/p>\n\n\n\n<h2 class=\"wp-block-heading has-heading-font-family has-x-large-font-size\">Nettoyage et entretien<\/h2>\n\n\n\n<p class=\"has-medium-color has-text-color\">En plus du nettoyage \u00e0 neuf, Nobel Wash propose un service de nettoyage complet. L&rsquo;\u00e9quipe excelle dans le nettoyage d&rsquo;environnements de travail et vous aide pour les travaux de construction neuve ou de r\u00e9novation ainsi que l&rsquo;entretien de piscines.<\/p>\n\n\n\n<h2 class=\"wp-block-heading has-heading-font-family has-x-large-font-size\">Commander chez votre blanchisserie Zaventem<\/h2>\n\n\n\n<p class=\"has-medium-color has-text-color\">Commander un nettoyage \u00e0 neuf \u00e0 Zaventem est possible imm\u00e9diatement en ligne. Pour un devis sans engagement ou des questions sur la collecte de linge \u00e0 Zaventem, remplissez le formulaire de contact. Joignable par t\u00e9l\u00e9phone ou par e-mail tous les jours de 7h \u00e0 21h.<\/p>\n<\/div>\n\n\n\n<div class=\"wp-block-group alignfull om-fade-up has-light-background-color has-background has-global-padding is-layout-constrained wp-container-core-group-is-layout-c5787a18 wp-block-group-is-layout-constrained\" style=\"padding-top:var(--wp--preset--spacing--70);padding-right:var(--wp--preset--spacing--40);padding-bottom:var(--wp--preset--spacing--70);padding-left:var(--wp--preset--spacing--40)\">\n<div class=\"wp-block-group has-global-padding is-layout-constrained wp-container-core-group-is-layout-429d4cfc wp-block-group-is-layout-constrained\" style=\"margin-bottom:var(--wp--preset--spacing--50)\">\n<h2 class=\"wp-block-heading has-text-align-center has-heading-font-family has-xx-large-font-size\">Nos services<\/h2>\n\n\n\n<p class=\"has-text-align-center has-medium-color has-text-color has-lead-font-size\">Du linge professionnel \u00e0 votre lessive quotidienne \u2014 nous avons la solution.<\/p>\n<\/div>\n\n\n\n<div class=\"wp-block-columns is-layout-flex wp-container-core-columns-is-layout-7fc3d43a wp-block-columns-is-layout-flex\">\n<div class=\"wp-block-column is-layout-flow wp-block-column-is-layout-flow\">\n<div class=\"wp-block-group has-shadow-sm has-white-background-color has-background has-global-padding is-layout-constrained wp-container-core-group-is-layout-397f840d wp-block-group-is-layout-constrained\" style=\"border-radius:12px;padding-top:0;padding-right:0;padding-bottom:var(--wp--preset--spacing--40);padding-left:0\">\n<figure class=\"wp-block-image size-large has-custom-border\"><img loading=\"lazy\" decoding=\"async\" width=\"800\" height=\"800\" src=\"https:\/\/nobel-wash.be\/wp-content\/uploads\/2026\/02\/nobelwash-zaventem-home-card-01.webp\" alt=\"Lit d'h\u00f4tel soigneusement fait avec draps blancs et serviettes pli\u00e9es\" class=\"wp-image-45\" style=\"border-top-left-radius:12px;border-top-right-radius:12px;border-bottom-left-radius:0px;border-bottom-right-radius:0px\" srcset=\"https:\/\/nobel-wash.be\/wp-content\/uploads\/2026\/02\/nobelwash-zaventem-home-card-01.webp 800w, https:\/\/nobel-wash.be\/wp-content\/uploads\/2026\/02\/nobelwash-zaventem-home-card-01-300x300.webp 300w, https:\/\/nobel-wash.be\/wp-content\/uploads\/2026\/02\/nobelwash-zaventem-home-card-01-150x150.webp 150w, https:\/\/nobel-wash.be\/wp-content\/uploads\/2026\/02\/nobelwash-zaventem-home-card-01-768x768.webp 768w\" sizes=\"auto, (max-width: 800px) 100vw, 800px\" \/><\/figure>\n\n\n\n<div class=\"wp-block-group has-global-padding is-layout-constrained wp-container-core-group-is-layout-6aa61af2 wp-block-group-is-layout-constrained\" style=\"padding-top:var(--wp--preset--spacing--30);padding-right:var(--wp--preset--spacing--30);padding-left:var(--wp--preset--spacing--30)\">\n<h3 class=\"wp-block-heading has-heading-font-family has-large-font-size\">Professionnels<\/h3>\n\n\n\n<p class=\"has-medium-color has-text-color has-small-font-size\">Service de blanchisserie sur mesure pour l&rsquo;h\u00f4tellerie, les h\u00f4tels et les entreprises. Linge, v\u00eatements de travail et plus \u2014 toujours livr\u00e9s \u00e0 temps.<\/p>\n\n\n\n<p class=\"has-small-font-size\"><a href=\"\/professionnels\/\">Plus d&rsquo;infos \u2192<\/a><\/p>\n<\/div>\n<\/div>\n<\/div>\n\n\n\n<div class=\"wp-block-column is-layout-flow wp-block-column-is-layout-flow\">\n<div class=\"wp-block-group has-shadow-sm has-white-background-color has-background has-global-padding is-layout-constrained wp-container-core-group-is-layout-397f840d wp-block-group-is-layout-constrained\" style=\"border-radius:12px;padding-top:0;padding-right:0;padding-bottom:var(--wp--preset--spacing--40);padding-left:0\">\n<figure class=\"wp-block-image size-large has-custom-border\"><img loading=\"lazy\" decoding=\"async\" width=\"800\" height=\"800\" src=\"https:\/\/nobel-wash.be\/wp-content\/uploads\/2026\/02\/nobelwash-zaventem-home-card-02.webp\" alt=\"Panier avec du linge propre soigneusement pli\u00e9 sur un plancher en bois\" class=\"wp-image-46\" style=\"border-top-left-radius:12px;border-top-right-radius:12px;border-bottom-left-radius:0px;border-bottom-right-radius:0px\" srcset=\"https:\/\/nobel-wash.be\/wp-content\/uploads\/2026\/02\/nobelwash-zaventem-home-card-02.webp 800w, https:\/\/nobel-wash.be\/wp-content\/uploads\/2026\/02\/nobelwash-zaventem-home-card-02-300x300.webp 300w, https:\/\/nobel-wash.be\/wp-content\/uploads\/2026\/02\/nobelwash-zaventem-home-card-02-150x150.webp 150w, https:\/\/nobel-wash.be\/wp-content\/uploads\/2026\/02\/nobelwash-zaventem-home-card-02-768x768.webp 768w\" sizes=\"auto, (max-width: 800px) 100vw, 800px\" \/><\/figure>\n\n\n\n<div class=\"wp-block-group has-global-padding is-layout-constrained wp-container-core-group-is-layout-6aa61af2 wp-block-group-is-layout-constrained\" style=\"padding-top:var(--wp--preset--spacing--30);padding-right:var(--wp--preset--spacing--30);padding-left:var(--wp--preset--spacing--30)\">\n<h3 class=\"wp-block-heading has-heading-font-family has-large-font-size\">Particuliers<\/h3>\n\n\n\n<p class=\"has-medium-color has-text-color has-small-font-size\">Votre lessive quotidienne, linge de lit et v\u00eatements d\u00e9licats entre de bonnes mains. Service de collecte \u00e0 domicile disponible.<\/p>\n\n\n\n<p class=\"has-small-font-size\"><a href=\"\/particuliers\/\">Plus d&rsquo;infos \u2192<\/a><\/p>\n<\/div>\n<\/div>\n<\/div>\n\n\n\n<div class=\"wp-block-column is-layout-flow wp-block-column-is-layout-flow\">\n<div class=\"wp-block-group has-shadow-sm has-white-background-color has-background has-global-padding is-layout-constrained wp-container-core-group-is-layout-397f840d wp-block-group-is-layout-constrained\" style=\"border-radius:12px;padding-top:0;padding-right:0;padding-bottom:var(--wp--preset--spacing--40);padding-left:0\">\n<figure class=\"wp-block-image size-large has-custom-border\"><img loading=\"lazy\" decoding=\"async\" width=\"800\" height=\"800\" src=\"https:\/\/nobel-wash.be\/wp-content\/uploads\/2026\/02\/nobelwash-zaventem-home-card-03.webp\" alt=\"Bureau moderne propre et rang\u00e9 avec sol brillant et grandes fen\u00eatres\" class=\"wp-image-47\" style=\"border-top-left-radius:12px;border-top-right-radius:12px;border-bottom-left-radius:0px;border-bottom-right-radius:0px\" srcset=\"https:\/\/nobel-wash.be\/wp-content\/uploads\/2026\/02\/nobelwash-zaventem-home-card-03.webp 800w, https:\/\/nobel-wash.be\/wp-content\/uploads\/2026\/02\/nobelwash-zaventem-home-card-03-300x300.webp 300w, https:\/\/nobel-wash.be\/wp-content\/uploads\/2026\/02\/nobelwash-zaventem-home-card-03-150x150.webp 150w, https:\/\/nobel-wash.be\/wp-content\/uploads\/2026\/02\/nobelwash-zaventem-home-card-03-768x768.webp 768w\" sizes=\"auto, (max-width: 800px) 100vw, 800px\" \/><\/figure>\n\n\n\n<div class=\"wp-block-group has-global-padding is-layout-constrained wp-container-core-group-is-layout-6aa61af2 wp-block-group-is-layout-constrained\" style=\"padding-top:var(--wp--preset--spacing--30);padding-right:var(--wp--preset--spacing--30);padding-left:var(--wp--preset--spacing--30)\">\n<h3 class=\"wp-block-heading has-heading-font-family has-large-font-size\">Nettoyage &amp; Bricolage<\/h3>\n\n\n\n<p class=\"has-medium-color has-text-color has-small-font-size\">Services de nettoyage compl\u00e9mentaires pour bureaux, espaces communs et plus. Minutieux et fiable.<\/p>\n\n\n\n<p class=\"has-small-font-size\"><a href=\"\/nettoyage-bricolage\/\">Plus d&rsquo;infos \u2192<\/a><\/p>\n<\/div>\n<\/div>\n<\/div>\n<\/div>\n<\/div>\n\n\n\n<div class=\"wp-block-group alignfull om-cta-last has-primary-background-color has-background has-global-padding is-layout-constrained wp-container-core-group-is-layout-1fd5867f wp-block-group-is-layout-constrained\" style=\"padding-top:var(--wp--preset--spacing--70);padding-right:var(--wp--preset--spacing--40);padding-bottom:var(--wp--preset--spacing--70);padding-left:var(--wp--preset--spacing--40)\">\n\n    \n    <h2 class=\"wp-block-heading has-text-align-center has-white-color has-text-color has-heading-font-family\">Vous souhaitez plus d&rsquo;informations ?<\/h2>\n    \n\n    \n    <p class=\"has-text-align-center has-white-color has-text-color has-lead-font-size\">Contactez-nous au <a href=\"tel:+32475752512\" style=\"color:#FFFFFF;text-decoration:underline;\">+32 475 75 25 12<\/a> ou envoyez un e-mail \u00e0 <a href=\"mailto:nobelpool@online.be\" style=\"color:#FFFFFF;text-decoration:underline;\">nobelpool@online.be<\/a><\/p>\n    \n\n    \n    <div class=\"wp-block-buttons is-content-justification-center is-layout-flex wp-container-core-buttons-is-layout-a89b3969 wp-block-buttons-is-layout-flex\">\n        \n        <div class=\"wp-block-button\"><a class=\"wp-block-button__link has-primary-color has-white-background-color has-text-color has-background\" style=\"border-radius:8px\" href=\"tel:+32475752512\">Appelez-nous<\/a><\/div>\n        \n\n        \n        <div class=\"wp-block-button is-style-outline is-style-outline--1\"><a class=\"wp-block-button__link has-white-color has-text-color\" style=\"border-color:#FFFFFF;border-width:2px;border-radius:8px\" href=\"mailto:nobelpool@online.be\">Envoyez-nous un e-mail<\/a><\/div>\n        \n    <\/div>\n    \n\n<\/div>\n","protected":false},"excerpt":{"rendered":"<p>Faites confiance \u00e0 la qualit\u00e9 de Nobel Wash, votre blanchisserie Zaventem Nobel Wash est votre blanchisserie Zaventem pour les particuliers et les clients professionnels. Nous r\u00e9cup\u00e9rons votre linge sale et vous le rendons lav\u00e9, repass\u00e9 et pli\u00e9 \u2014 en 48 heures. Du nettoyage \u00e0 neuf et du nettoyage \u00e0 sec \u00e0 domicile au linge professionnel [&hellip;]<\/p>\n","protected":false},"author":1,"featured_media":0,"parent":0,"menu_order":-99,"comment_status":"closed","ping_status":"closed","template":"","meta":{"footnotes":""},"class_list":["post-134","page","type-page","status-publish","hentry"],"_links":{"self":[{"href":"https:\/\/nobel-wash.be\/fr\/wp-json\/wp\/v2\/pages\/134","targetHints":{"allow":["GET"]}}],"collection":[{"href":"https:\/\/nobel-wash.be\/fr\/wp-json\/wp\/v2\/pages"}],"about":[{"href":"https:\/\/nobel-wash.be\/fr\/wp-json\/wp\/v2\/types\/page"}],"author":[{"embeddable":true,"href":"https:\/\/nobel-wash.be\/fr\/wp-json\/wp\/v2\/users\/1"}],"replies":[{"embeddable":true,"href":"https:\/\/nobel-wash.be\/fr\/wp-json\/wp\/v2\/comments?post=134"}],"version-history":[{"count":2,"href":"https:\/\/nobel-wash.be\/fr\/wp-json\/wp\/v2\/pages\/134\/revisions"}],"predecessor-version":[{"id":234,"href":"https:\/\/nobel-wash.be\/fr\/wp-json\/wp\/v2\/pages\/134\/revisions\/234"}],"wp:attachment":[{"href":"https:\/\/nobel-wash.be\/fr\/wp-json\/wp\/v2\/media?parent=134"}],"curies":[{"name":"wp","href":"https:\/\/api.w.org\/{rel}","templated":true}]}}